{"id":802,"date":"2015-05-07T08:41:57","date_gmt":"2015-05-07T07:41:57","guid":{"rendered":"https:\/\/qualison.com\/?page_id=802"},"modified":"2016-02-11T10:08:29","modified_gmt":"2016-02-11T09:08:29","slug":"audition","status":"publish","type":"page","link":"https:\/\/qualison.com\/?page_id=802","title":{"rendered":"Contact"},"content":{"rendered":"<p><div class=\"et_pb_section et_pb_section_parallax et_pb_fullwidth_section et_section_regular\" style='background-color:#ffffff;'>\n\t\t\t<div class=\"et_parallax_bg et_pb_parallax_css\" style=\"background-image: url(https:\/\/qualison.com\/wp-content\/uploads\/2015\/05\/decor-site-qualison-web1.jpg);\"><\/div>\n\t\t\t\n\t\t\t\t\n\t\t\t\t<section id=\"Contact\" class=\"et_pb_fullwidth_header et_pb_bg_layout_dark et_pb_text_align_center\">\n\t\t\t<div class=\"et_pb_row\">\n\t\t\t\t<h1>Contact<\/h1>\n\t\t\t\t<p class=\"et_pb_fullwidth_header_subhead\">Bonjour, si vous avez des questions nous serons ravis de les entendre et d'y r\u00e9pondre, alors n'h\u00e9sitez pas !<\/p>\n\t\t\t<\/div>\n\t\t<\/section>\n\t\t\t\n\t\t<\/div> <!-- .et_pb_section --><div class=\"et_pb_section et_section_regular\">\n\t\t\t\n\t\t\t\n\t\t\t\t\n\t\t\t\t<div class=\"et_pb_row\">\n\t\t\t<div class=\"et_pb_column et_pb_column_4_4\">\n\t\t\t<div class=\"et_pb_text et_pb_bg_layout_light et_pb_text_align_left Poser une question\">\n\t\t\t\n<p style=\"text-align: center;\"><div id=\"rpt_pricr\" class=\"rpt_plans rpt_1_plans rpt_style_basic\"><div class=\"\"><div class=\"rpt_plan   rpt_plan_0 \"><div class=\"rpt_title rpt_title_0\">Laisser nous un message<\/div><div class=\"rpt_head rpt_head_0\"><div style=\"color:#333333;\" class=\"rpt_subtitle rpt_subtitle_0\"><span style=\"color: #fff;\">Pour toute demande d'information, n'h\u00e9sitez pas \u00e0 nous \u00e9crire.<\/span><\/div><\/div><div target=\"_self\" href=\"#\" style=\"background:#333333\" class=\"rpt_foot rpt_foot_0\"><div role=\"form\" class=\"wpcf7\" id=\"wpcf7-f1192-o1\" lang=\"fr-FR\" dir=\"ltr\">\n<div class=\"screen-reader-response\"><\/div>\n<form name=\"\" action=\"\/index.php?rest_route=%2Fwp%2Fv2%2Fpages%2F802#wpcf7-f1192-o1\" method=\"post\" class=\"wpcf7-form\" novalidate=\"novalidate\">\n<div style=\"display: none;\">\n<input type=\"hidden\" name=\"_wpcf7\" value=\"1192\" \/>\n<input type=\"hidden\" name=\"_wpcf7_version\" value=\"4.2.1\" \/>\n<input type=\"hidden\" name=\"_wpcf7_locale\" value=\"fr_FR\" \/>\n<input type=\"hidden\" name=\"_wpcf7_unit_tag\" value=\"wpcf7-f1192-o1\" \/>\n<input type=\"hidden\" name=\"_wpnonce\" value=\"3c4ebbfb7d\" \/>\n<\/div>\n<div class=\"nom_courriel\">\n<p><span class=\"wpcf7-form-control-wrap your-name\"><input type=\"text\" name=\"your-name\" value=\"Nom\" size=\"40\" class=\"wpcf7-form-control wpcf7-text wpcf7-validates-as-required contact\" aria-required=\"true\" aria-invalid=\"false\" \/><\/span><span class=\"wpcf7-form-control-wrap your-email\"><input type=\"email\" name=\"your-email\" value=\"Courriel\" size=\"40\" class=\"wpcf7-form-control wpcf7-text wpcf7-email wpcf7-validates-as-required wpcf7-validates-as-email contact\" aria-required=\"true\" aria-invalid=\"false\" \/><\/span><\/p>\n<\/div>\n<p><span class=\"wpcf7-form-control-wrap your-message\"><textarea name=\"your-message\" cols=\"40\" rows=\"10\" class=\"wpcf7-form-control wpcf7-textarea contact\" aria-invalid=\"false\">Votre message<\/textarea><\/span><\/p>\n<p><span class=\"wpcf7-form-control-wrap checkbox-792\"><span class=\"wpcf7-form-control wpcf7-checkbox\"><span class=\"wpcf7-list-item first last\"><input type=\"checkbox\" name=\"checkbox-792[]\" value=\"Je souhaite recevoir de la documentation\" \/>&nbsp;<span class=\"wpcf7-list-item-label\">Je souhaite recevoir de la documentation<\/span><\/span><\/span><\/span><\/p>\n<p><input type=\"submit\" value=\"Envoi\" class=\"wpcf7-form-control wpcf7-submit bluebutton\" \/><\/p>\n<p style=\"display: none !important;\"><label>&#916;<textarea name=\"_wpcf7_ak_hp_textarea\" cols=\"45\" rows=\"8\" maxlength=\"100\"><\/textarea><\/label><input type=\"hidden\" id=\"ak_js_1\" name=\"_wpcf7_ak_js\" value=\"150\"\/><script>document.getElementById( \"ak_js_1\" ).setAttribute( \"value\", ( new Date() ).getTime() );<\/script><\/p><div class=\"wpcf7-response-output wpcf7-display-none\"><\/div><\/form><\/div><\/div><\/div><\/div><\/div><div style=\"clear:both;\"><\/div>\n\n\t\t<\/div> <!-- .et_pb_text -->\n\t\t<\/div> <!-- .et_pb_column -->\n\t\t<\/div> <!-- .et_pb_row --><div class=\"et_pb_row\">\n\t\t\t<div class=\"et_pb_column et_pb_column_4_4\">\n\t\t\t<div class=\"et_pb_text et_pb_bg_layout_light et_pb_text_align_left\">\n\t\t\t<div id=\"rpt_pricr\" class=\"rpt_plans rpt_2_plans rpt_style_basic\"><div class=\"\"><div class=\"rpt_plan   rpt_plan_0 \"><div class=\"rpt_title rpt_title_0\">Nous vous rappelons<\/div><div class=\"rpt_head rpt_head_0\"><div style=\"color:#333333;\" class=\"rpt_subtitle rpt_subtitle_0\"><span style=\"color: #fff;\">Nous vous rappelons gratuitement quand vous le souhaitez<\/span><\/div><\/div><div target=\"_self\" href=\"#\" style=\"background:#333333\" class=\"rpt_foot rpt_foot_0\"><div role=\"form\" class=\"wpcf7\" id=\"wpcf7-f1424-o2\" lang=\"fr-FR\" dir=\"ltr\">\n<div class=\"screen-reader-response\"><\/div>\n<form name=\"\" action=\"\/index.php?rest_route=%2Fwp%2Fv2%2Fpages%2F802#wpcf7-f1424-o2\" method=\"post\" class=\"wpcf7-form\" novalidate=\"novalidate\">\n<div style=\"display: none;\">\n<input type=\"hidden\" name=\"_wpcf7\" value=\"1424\" \/>\n<input type=\"hidden\" name=\"_wpcf7_version\" value=\"4.2.1\" \/>\n<input type=\"hidden\" name=\"_wpcf7_locale\" value=\"fr_FR\" \/>\n<input type=\"hidden\" name=\"_wpcf7_unit_tag\" value=\"wpcf7-f1424-o2\" \/>\n<input type=\"hidden\" name=\"_wpnonce\" value=\"25f28f3f29\" \/>\n<\/div>\n<p>Votre t\u00e9l\u00e9phone<br \/>\n    <span class=\"wpcf7-form-control-wrap tel-893\"><input type=\"tel\" name=\"tel-893\" value=\"\" size=\"40\" class=\"wpcf7-form-control wpcf7-text wpcf7-tel wpcf7-validates-as-required wpcf7-validates-as-tel\" aria-required=\"true\" aria-invalid=\"false\" \/><\/span> <\/p>\n<p>Horaire auquel vous souhaitez \u00eatre rappel\u00e9<br \/>\n<span class=\"wpcf7-form-control-wrap menu-76\"><select name=\"menu-76\" class=\"wpcf7-form-control wpcf7-select\" aria-invalid=\"false\"><option value=\"09h - 10h\">09h - 10h<\/option><option value=\"10h - 11h\">10h - 11h<\/option><option value=\"11h - 12h\">11h - 12h<\/option><option value=\"14h - 15h\">14h - 15h<\/option><option value=\"15h - 16h\">15h - 16h<\/option><option value=\"16h - 17h\">16h - 17h<\/option><option value=\"17h - 18h\">17h - 18h<\/option><\/select><\/span><\/p>\n<p><input type=\"submit\" value=\"Rappel gratuit\" class=\"wpcf7-form-control wpcf7-submit bluebutton\" \/><\/p>\n<p style=\"display: none !important;\"><label>&#916;<textarea name=\"_wpcf7_ak_hp_textarea\" cols=\"45\" rows=\"8\" maxlength=\"100\"><\/textarea><\/label><input type=\"hidden\" id=\"ak_js_2\" name=\"_wpcf7_ak_js\" value=\"80\"\/><script>document.getElementById( \"ak_js_2\" ).setAttribute( \"value\", ( new Date() ).getTime() );<\/script><\/p><div class=\"wpcf7-response-output wpcf7-display-none\"><\/div><\/form><\/div><\/div><\/div><div class=\"rpt_plan   rpt_plan_1 \"><div class=\"rpt_title rpt_title_1\">Nous contacter<\/div><div class=\"rpt_head rpt_head_1\"><\/div><div target=\"_self\" href=\"#\" style=\"background:#333333\" class=\"rpt_foot rpt_foot_1\"><div role=\"form\" class=\"wpcf7\" id=\"wpcf7-f1493-o3\" lang=\"fr-FR\" dir=\"ltr\">\n<div class=\"screen-reader-response\"><\/div>\n<form name=\"\" action=\"\/index.php?rest_route=%2Fwp%2Fv2%2Fpages%2F802#wpcf7-f1493-o3\" method=\"post\" class=\"wpcf7-form\" novalidate=\"novalidate\">\n<div style=\"display: none;\">\n<input type=\"hidden\" name=\"_wpcf7\" value=\"1493\" \/>\n<input type=\"hidden\" name=\"_wpcf7_version\" value=\"4.2.1\" \/>\n<input type=\"hidden\" name=\"_wpcf7_locale\" value=\"fr_FR\" \/>\n<input type=\"hidden\" name=\"_wpcf7_unit_tag\" value=\"wpcf7-f1493-o3\" \/>\n<input type=\"hidden\" name=\"_wpnonce\" value=\"03aacc025d\" \/>\n<\/div>\n<p>10 rue L\u00e9on Honor\u00e9 Labande<br \/>\n84000 Avignon<\/p>\n<p>Horaires : 8h30 - 18h30<br \/>\nT\u00e9l\u00e9phone :<br \/>\n04 32 40 94 03<br \/>\nCourriel :<br \/>\ncontact@qualison.com<\/p>\n<p style=\"display: none !important;\"><label>&#916;<textarea name=\"_wpcf7_ak_hp_textarea\" cols=\"45\" rows=\"8\" maxlength=\"100\"><\/textarea><\/label><input type=\"hidden\" id=\"ak_js_3\" name=\"_wpcf7_ak_js\" value=\"230\"\/><script>document.getElementById( \"ak_js_3\" ).setAttribute( \"value\", ( new Date() ).getTime() );<\/script><\/p><div class=\"wpcf7-response-output wpcf7-display-none\"><\/div><\/form><\/div><\/div><\/div><\/div><\/div><div style=\"clear:both;\"><\/div>\n\t\t<\/div> <!-- .et_pb_text -->\n\t\t<\/div> <!-- .et_pb_column -->\n\t\t<\/div> <!-- .et_pb_row -->\n\t\t\t\n\t\t<\/div> <!-- .et_pb_section --><div id=\"equipe\" class=\"et_pb_section et_pb_section_parallax et_pb_fullwidth_section et_section_regular\" style='background-color:#ffffff;'>\n\t\t\t<div class=\"et_parallax_bg et_pb_parallax_css\" style=\"background-image: url(https:\/\/qualison.com\/wp-content\/uploads\/2015\/05\/decor-site-qualison-web1.jpg);\"><\/div>\n\t\t\t\n\t\t\t\t\n\t\t\t\t<section class=\"et_pb_fullwidth_header et_pb_bg_layout_dark et_pb_text_align_center\">\n\t\t\t<div class=\"et_pb_row\">\n\t\t\t\t<h1>L'\u00e9quipe Qualison<\/h1>\n\t\t\t\t<p class=\"et_pb_fullwidth_header_subhead\">Ici nous vous pr\u00e9sentons les personnes ayant pris part \u00e0 l'aventure Qualison!<\/p>\n\t\t\t<\/div>\n\t\t<\/section>\n\t\t\t\n\t\t<\/div> <!-- .et_pb_section --><div class=\"et_pb_section et_section_regular\">\n\t\t\t\n\t\t\t\n\t\t\t\t\n\t\t\t\t<div class=\"et_pb_row\">\n\t\t\t<div class=\"et_pb_column et_pb_column_4_4\">\n\t\t\t<div class=\"et_pb_text et_pb_bg_layout_light et_pb_text_align_left\">\n\t\t\t\n<p style=\"text-align: center;\">Nous sommes une soci\u00e9t\u00e9 fran\u00e7aise dont l\u2019\u00e9quipe pluridisciplinaire poss\u00e8de les diff\u00e9rents savoir-faire nous permettant de vous apporter <span style=\"color: #f166a1; font-weight: bold;\">Qualison<\/span>.<\/p>\n<p>Notre \u00e9quipe s&rsquo;organise en deux parties afin de r\u00e9pondre aux enjeux d\u2019un projet d\u2019envergure internationale. Les acteurs du march\u00e9 de la proth\u00e8se auditive se trouvant principalement en Chine, nous avons choisi d\u2019expatrier nos ing\u00e9nieurs afin de maitriser la qualit\u00e9 de nos produits et d\u2019agir avec la plus grande r\u00e9activit\u00e9.<\/p>\n<p>Notre bureau, bas\u00e9 \u00e0 Qingdao, comprend \u00e9galement deux logisticiens. En France, en Avignon,\u00a0 notre \u00e9quipe commerciale d\u2019une trentaine de personnes est \u00e0 votre service pour r\u00e9pondre \u00e0 vos questions et vous apporter un service apr\u00e8s-vente de qualit\u00e9. C\u2019est \u00e9galement en Avignon que se trouve notre bureau d\u2019\u00e9tudes.<\/p>\n<p>&nbsp;<\/p>\n<p>&nbsp;<\/p>\n<p style=\"text-align: center;\">\n\t\t<\/div> <!-- .et_pb_text -->\n\t\t<\/div> <!-- .et_pb_column -->\n\t\t<\/div> <!-- .et_pb_row --><div class=\"et_pb_row\">\n\t\t\t<div class=\"et_pb_column et_pb_column_1_2\">\n\t\t\t<hr class=\"et_pb_space\" style='height:100px;' \/><div class=\"et_pb_text et_pb_bg_layout_light et_pb_text_align_left\">\n\t\t\t\n<p><b>Florent<\/b><br \/>\nGeneral Manager<\/p>\n<p>\u00ab\u00a0Passionn\u00e9 par mon m\u00e9tier: trouver le bon produit au bon moment et au meilleur prix, j\u2019ai\u00a0 trouv\u00e9 en Qualison un r\u00e9el\u00a0 challenge!<br \/>\nNous tentons\u00a0 avec Qualison d\u2019apporter une \u00ab\u00a0solution\u00a0auditive\u00a0\u00bb \u00e0 des personnes qui n\u2019en disposaient pas.\u00a0\u00bb<\/p>\n<p style=\"text-align: center;\">\n\t\t<\/div> <!-- .et_pb_text -->\n\t\t<\/div> <!-- .et_pb_column --><div class=\"et_pb_column et_pb_column_1_2\">\n\t\t\t<img src=\"https:\/\/qualison.com\/wp-content\/uploads\/2015\/05\/Florent1.png\" alt=\"\" class=\"et-waypoint et_pb_image et_pb_animation_left\" \/>\n\t\t<\/div> <!-- .et_pb_column -->\n\t\t<\/div> <!-- .et_pb_row --><div class=\"et_pb_row\">\n\t\t\t<div class=\"et_pb_column et_pb_column_1_2\">\n\t\t\t<hr class=\"et_pb_space\" style='height:100px;' \/><div class=\"et_pb_text et_pb_bg_layout_light et_pb_text_align_left\">\n\t\t\t\n<p><b>Ray<\/b><br \/>\nDirecteur Chine<\/p>\n<p>\u00ab\u00a0Doter de 10 ans d\u2019exp\u00e9rience dans la fabrication de mat\u00e9riel m\u00e9dical, je veille au bon d\u00e9roulement des diff\u00e9rentes \u00e9tapes du d\u00e9veloppement. Je m\u2019occupe \u00e9galement du lancement de Qualison sur les march\u00e9s asiatique.\u00a0\u00bb<\/p>\n<p style=\"text-align: center;\">\n\t\t<\/div> <!-- .et_pb_text -->\n\t\t<\/div> <!-- .et_pb_column --><div class=\"et_pb_column et_pb_column_1_2\">\n\t\t\t<img src=\"https:\/\/qualison.com\/wp-content\/uploads\/2015\/05\/Ray1.png\" alt=\"\" class=\"et-waypoint et_pb_image et_pb_animation_left\" \/>\n\t\t<\/div> <!-- .et_pb_column -->\n\t\t<\/div> <!-- .et_pb_row --><div class=\"et_pb_row\">\n\t\t\t<div class=\"et_pb_column et_pb_column_1_2\">\n\t\t\t<hr class=\"et_pb_space\" style='height:100px;' \/><div class=\"et_pb_text et_pb_bg_layout_light et_pb_text_align_left\">\n\t\t\t\n<p><b>Yannick<\/b><br \/>\nProject Manager<\/p>\n<p>\u00ab\u00a0Ing\u00e9nieur de formation,\u00a0 j\u2019ai eu pour mission de mener \u00e0 bien ce projet. Le challenge \u00e9tait pour moi de doter Qualison de la meilleure technologie disponible actuellement\u00a0 tout en m\u2019assurant\u00a0 qu\u2019il r\u00e9ponde pleinement aux exigences des standards europ\u00e9ens.\u00a0\u00bb<\/p>\n<p style=\"text-align: center;\">\n\t\t<\/div> <!-- .et_pb_text -->\n\t\t<\/div> <!-- .et_pb_column --><div class=\"et_pb_column et_pb_column_1_2\">\n\t\t\t<img src=\"https:\/\/qualison.com\/wp-content\/uploads\/2015\/05\/Yannick1.png\" alt=\"\" class=\"et-waypoint et_pb_image et_pb_animation_left\" \/>\n\t\t<\/div> <!-- .et_pb_column -->\n\t\t<\/div> <!-- .et_pb_row -->\n\t\t\t\n\t\t<\/div> <!-- .et_pb_section --><\/p>\n","protected":false},"excerpt":{"rendered":"","protected":false},"author":3,"featured_media":0,"parent":0,"menu_order":0,"comment_status":"open","ping_status":"open","template":"","meta":[],"_links":{"self":[{"href":"https:\/\/qualison.com\/index.php?rest_route=\/wp\/v2\/pages\/802"}],"collection":[{"href":"https:\/\/qualison.com\/index.php?rest_route=\/wp\/v2\/pages"}],"about":[{"href":"https:\/\/qualison.com\/index.php?rest_route=\/wp\/v2\/types\/page"}],"author":[{"embeddable":true,"href":"https:\/\/qualison.com\/index.php?rest_route=\/wp\/v2\/users\/3"}],"replies":[{"embeddable":true,"href":"https:\/\/qualison.com\/index.php?rest_route=%2Fwp%2Fv2%2Fcomments&post=802"}],"version-history":[{"count":78,"href":"https:\/\/qualison.com\/index.php?rest_route=\/wp\/v2\/pages\/802\/revisions"}],"predecessor-version":[{"id":2691,"href":"https:\/\/qualison.com\/index.php?rest_route=\/wp\/v2\/pages\/802\/revisions\/2691"}],"wp:attachment":[{"href":"https:\/\/qualison.com\/index.php?rest_route=%2Fwp%2Fv2%2Fmedia&parent=802"}],"curies":[{"name":"wp","href":"https:\/\/api.w.org\/{rel}","templated":true}]}}