{"id":720,"date":"2015-05-04T14:59:40","date_gmt":"2015-05-04T13:59:40","guid":{"rendered":"https:\/\/qualison.com\/?page_id=720"},"modified":"2015-11-03T10:22:00","modified_gmt":"2015-11-03T09:22:00","slug":"mentions-legales","status":"publish","type":"page","link":"https:\/\/qualison.com\/?page_id=720","title":{"rendered":"Mentions l\u00e9gales"},"content":{"rendered":"<p><div class=\"et_pb_section et_pb_section_parallax et_pb_fullwidth_section et_section_regular\" style='background-color:#ffffff;'>\n\t\t\t<div class=\"et_parallax_bg et_pb_parallax_css\" style=\"background-image: url(https:\/\/qualison.com\/wp-content\/uploads\/2015\/04\/fd_montagne.jpg);\"><\/div>\n\t\t\t\n\t\t\t\t\n\t\t\t\t<section class=\"et_pb_fullwidth_header et_pb_bg_layout_dark et_pb_text_align_center\">\n\t\t\t<div class=\"et_pb_row\">\n\t\t\t\t<h1>Mentions l\u00e9gales<\/h1>\n\t\t\t\t\n\t\t\t<\/div>\n\t\t<\/section>\n\t\t\t\n\t\t<\/div> <!-- .et_pb_section --><div class=\"et_pb_section et_section_regular\">\n\t\t\t\n\t\t\t\n\t\t\t\t\n\t\t\t\t<div class=\"et_pb_row\">\n\t\t\t<div class=\"et_pb_column et_pb_column_4_4\">\n\t\t\t<div class=\"et_pb_text et_pb_bg_layout_light et_pb_text_align_left justifie\">\n\t\t\t\n<ul>\n<li><strong><span style=\"color: #808080;\">H\u00e9bergement :<\/span><\/strong><\/li>\n<\/ul>\n<p><a href=\"https:\/\/www.ovh.com\/fr\/index.xml\" target=\"_blank\">OVH<\/a> |2 rue Kellermann &#8211; 59100 Roubaix &#8211; France<\/p>\n<ul>\n<li><strong><span style=\"color: #808080;\">Cr\u00e9ation web :<\/span><\/strong><\/li>\n<\/ul>\n<p><a href=\"https:\/\/www.insercall.com\" target=\"_blank\">Insercall<\/a> | 10 rue L\u00e9on Honor\u00e9 Labande &#8211; 84000 Avignon<\/p>\n<ul>\n<li><strong><span style=\"color: #808080;\">Protection des donn\u00e9es personnelles :<\/span><\/strong><\/li>\n<\/ul>\n<p>Le site\u00a0<span style=\"color: #ed558f;\">www.qualison.fr<\/span> s\u2019engage \u00e0 pr\u00e9server la confidentialit\u00e9 des informations fournies et \u00e0, en aucun cas,\u00a0 ne les communiquer \u00e0 des tiers, sauf accord pr\u00e9alable des clients par \u00e9crit. L\u2019internaute dispose d\u2019un droit d\u2019acc\u00e8s, de rectification et de suppression des informations personnelles le concernant qu\u2019il peut exercer \u00e0 tout moment en adressant un courrier ou un mail \u00e0 l\u2019\u00e9diteur du site.<\/p>\n<ul>\n<li><strong><span style=\"color: #808080;\">Droit d&rsquo;auteur et propri\u00e9t\u00e9 intellectuelle :<\/span><\/strong><\/li>\n<\/ul>\n<p>L\u2019ensemble de ce site rel\u00e8ve de la l\u00e9gislation fran\u00e7aise et internationale sur le droit d\u2019auteur et la propri\u00e9t\u00e9 intellectuelle. L\u2019utilisation, la reproduction ou la traduction, partielles ou int\u00e9grales d\u2019\u00e9l\u00e9ments de\u00a0<span style=\"color: #ed558f;\">www.qualison.fr <\/span>sont illicites sans accord pr\u00e9alable de l\u2019\u00e9diteur du site. Toute utilisation d\u2019informations provenant du site\u00a0<span style=\"color: #ed558f;\">www.qualison.fr<\/span> doit obligatoirement mentionner la source de l\u2019information et l\u2019adresse du site doit figurer.<\/p>\n<ul>\n<li><strong><span style=\"color: #808080;\">Responsabilit\u00e9 :<\/span><\/strong><\/li>\n<\/ul>\n<p>Le site <span style=\"color: #ed558f;\">www.qualison.fr<\/span> ne saurait en aucun cas \u00eatre tenu pour responsable des erreurs, des probl\u00e8mes techniques rencontr\u00e9s sur le site et sur tous les autres sites vers lesquels sont \u00e9tablis des liens, ou de toute interpr\u00e9tation des informations publi\u00e9es sur ces sites, ainsi que des cons\u00e9quences de leur utilisation.<\/p>\n<ul>\n<li><strong><span style=\"color: #808080;\">CNIL :<\/span><\/strong><\/li>\n<\/ul>\n<p>Nous disposons d\u2019outils informatiques destin\u00e9s \u00e0 g\u00e9rer plus facilement notre activit\u00e9. Conform\u00e9ment aux articles 39 et suivants de la loi n\u00b0 78-17 du 6 janvier 1978 modifi\u00e9e en 2004 relative \u00e0 l\u2019informatique, aux fichiers et aux libert\u00e9s, toute personne peut obtenir communication et, le cas \u00e9ch\u00e9ant, rectification ou suppression des informations la concernant, en s\u2019adressant \u00e0 <a href=\"mailto:info@mkgmix.com\">info@mkgmix.com<\/a>. Vous pouvez \u00e9galement, pour des motifs l\u00e9gitimes, vous opposer au traitement des donn\u00e9es vous concernant.<\/p>\n\n\t\t<\/div> <!-- .et_pb_text -->\n\t\t<\/div> <!-- .et_pb_column -->\n\t\t<\/div> <!-- .et_pb_row -->\n\t\t\t\n\t\t<\/div> <!-- .et_pb_section --><\/p>\n","protected":false},"excerpt":{"rendered":"","protected":false},"author":3,"featured_media":0,"parent":0,"menu_order":0,"comment_status":"open","ping_status":"open","template":"","meta":[],"_links":{"self":[{"href":"https:\/\/qualison.com\/index.php?rest_route=\/wp\/v2\/pages\/720"}],"collection":[{"href":"https:\/\/qualison.com\/index.php?rest_route=\/wp\/v2\/pages"}],"about":[{"href":"https:\/\/qualison.com\/index.php?rest_route=\/wp\/v2\/types\/page"}],"author":[{"embeddable":true,"href":"https:\/\/qualison.com\/index.php?rest_route=\/wp\/v2\/users\/3"}],"replies":[{"embeddable":true,"href":"https:\/\/qualison.com\/index.php?rest_route=%2Fwp%2Fv2%2Fcomments&post=720"}],"version-history":[{"count":2,"href":"https:\/\/qualison.com\/index.php?rest_route=\/wp\/v2\/pages\/720\/revisions"}],"predecessor-version":[{"id":2062,"href":"https:\/\/qualison.com\/index.php?rest_route=\/wp\/v2\/pages\/720\/revisions\/2062"}],"wp:attachment":[{"href":"https:\/\/qualison.com\/index.php?rest_route=%2Fwp%2Fv2%2Fmedia&parent=720"}],"curies":[{"name":"wp","href":"https:\/\/api.w.org\/{rel}","templated":true}]}}