{"id":2,"date":"2015-04-10T10:17:34","date_gmt":"2015-04-10T10:17:34","guid":{"rendered":"https:\/\/qualison.com\/?page_id=2"},"modified":"2016-02-16T11:47:00","modified_gmt":"2016-02-16T10:47:00","slug":"page-d-exemple","status":"publish","type":"page","link":"https:\/\/qualison.com\/","title":{"rendered":"Accueil"},"content":{"rendered":"<p><div class=\"et_pb_section et_pb_fullwidth_section et_section_regular\" style='background-color:#ffffff;'>\n\t\t\t\n\t\t\t\n\t\t\t\t\n\t\t\t\t<div class=\"et_pb_slider et_pb_slider_no_arrows et_pb_slider_no_pagination et_slider_auto et_slider_speed_3800 header_accueil puce_slider_accueil\">\n\t\t\t<div class=\"et_pb_slides\">\n\t\t\t\t<div class=\"et_pb_slide et_pb_bg_layout_light et_pb_media_alignment_center\" style='background-color:#45b9b9;background-image:url(https:\/\/qualison.com\/wp-content\/uploads\/2016\/02\/slider-photo-rond.jpg);'>\n\t\t\t\n\t\t\t<div class=\"et_pb_container clearfix\">\n\t\t\t\t\n\t\t\t\t<div class=\"et_pb_slide_description\">\n\t\t\t\t\t\n\t\t\t\t\t<div class=\"et_pb_slide_content\">\n<div style=\"margin-top: -11%;\">\n<h1 style=\"text-align: right;\"><span style=\"color: #e6478a;\">QUALISON<\/span><br \/>\n<span style=\"color: #000000; font-size: 40px; font-weight: normal; float: right; line-height: 1.5;\">LA PREMI\u00c8RE AIDE AUDITIVE \u00c0 <\/span><br \/>\n<span style=\"color: #e6478a; font-size: 40px; font-weight: normal; float: right; margin-top: -8.5%;\">SEULEMENT 249\u20ac<\/span><\/h1>\n<div class=\"puce_slider_accueil\">\n<div class=\"bloc_invisible\"><\/div>\n<div style=\"margin-left: 68% !important; margin-top: 20px !important;\"><img loading=\"lazy\" class=\"alignnone size-full wp-image-326\" src=\"https:\/\/qualison.com\/wp-content\/uploads\/2015\/11\/check_black.png\" alt=\"check\" height=\"19\" width=\"20\">&nbsp; Aide auditive num\u00e9rique<br \/>\n<img loading=\"lazy\" class=\"alignnone size-full wp-image-326\" src=\"https:\/\/qualison.com\/wp-content\/uploads\/2015\/11\/check_black.png\" alt=\"check\" height=\"19\" width=\"20\">&nbsp;&nbsp;4 canaux et 12 bandes<br \/>\n<img loading=\"lazy\" class=\"alignnone size-full wp-image-326\" src=\"https:\/\/qualison.com\/wp-content\/uploads\/2015\/11\/check_black.png\" alt=\"check\" height=\"19\" width=\"20\">&nbsp; R\u00e9ducteur de bruit de fond<br \/>\n<img loading=\"lazy\" class=\"alignnone size-full wp-image-326\" src=\"https:\/\/qualison.com\/wp-content\/uploads\/2015\/11\/check_black.png\" alt=\"check\" height=\"19\" width=\"20\">&nbsp; Anti-Larsen<br \/>\n<img loading=\"lazy\" class=\"alignnone size-full wp-image-326\" src=\"https:\/\/qualison.com\/wp-content\/uploads\/2015\/11\/check_black.png\" alt=\"check\" height=\"19\" width=\"20\">&nbsp;&nbsp;Microphone Omni-directionnel<br \/>\n<img loading=\"lazy\" class=\"alignnone size-full wp-image-326\" src=\"https:\/\/qualison.com\/wp-content\/uploads\/2015\/11\/check_black.png\" alt=\"check\" height=\"19\" width=\"20\">&nbsp;&nbsp;Microphone Directionnel<br \/>\n<img loading=\"lazy\" class=\"alignnone size-full wp-image-326\" src=\"https:\/\/qualison.com\/wp-content\/uploads\/2015\/11\/check_black.png\" alt=\"check\" height=\"19\" width=\"20\">&nbsp;&nbsp;Boucle Magn\u00e9tique: T\u00e9l\u00e9coil<br \/>\n<img loading=\"lazy\" class=\"alignnone size-full wp-image-326\" src=\"https:\/\/qualison.com\/wp-content\/uploads\/2015\/11\/check_black.png\" alt=\"check\" height=\"19\" width=\"20\">&nbsp;&nbsp;Avertissement de batterie faible\n<\/div>\n<\/div>\n<\/div>\n<\/div>\n\t\t\t\t\t<a href=\"https:\/\/qualison.com\/boutique\/index.php\" class=\"et_pb_more_button\">Je m&#039;\u00e9quipe<\/a>\n\t\t\t\t<\/div> <!-- .et_pb_slide_description -->\n\t\t\t<\/div> <!-- .et_pb_container -->\n\t\t\t\n\t\t<\/div> <!-- .et_pb_slide -->\n\t\t\n\t\t\t<\/div> <!-- .et_pb_slides -->\n\t\t<\/div> <!-- .et_pb_slider -->\n\t\t\n\t\t\t\n\t\t<\/div> <!-- .et_pb_section --><div class=\"et_pb_section et_pb_section_parallax et_section_regular\" style='background-color:#ffffff;'>\n\t\t\t<div class=\"et_parallax_bg et_pb_parallax_css\" style=\"background-image: url(https:\/\/qualison.com\/wp-content\/uploads\/2015\/05\/decor-site-qualison-web1.jpg);\"><\/div>\n\t\t\t\n\t\t\t\t\n\t\t\t\t<div class=\"et_pb_row\">\n\t\t\t<div class=\"et_pb_column et_pb_column_4_4\">\n\t\t\t<div class=\"et_pb_text et_pb_bg_layout_dark et_pb_text_align_left header_titre\">\n\t\t\t\n<h2 style=\"text-align: center; font-size: 50px; line-height: 120%; padding-bottom: 25px; margin-top: -25px;\">Qualison, l&rsquo;alternative \u00e0 la proth\u00e8se auditive !<\/h2>\n\n\t\t<\/div> <!-- .et_pb_text -->\n\t\t<\/div> <!-- .et_pb_column -->\n\t\t<\/div> <!-- .et_pb_row -->\n\t\t\t\n\t\t<\/div> <!-- .et_pb_section --><div class=\"et_pb_section fleche et_section_regular\" style='background-color:#ffffff;'>\n\t\t\t\n\t\t\t\n\t\t\t\t\n\t\t\t\t<div class=\"et_pb_row\">\n\t\t\t<div class=\"et_pb_column et_pb_column_4_4\">\n\t\t\t<div class=\"et_pb_text et_pb_bg_layout_light et_pb_text_align_left fleche_espace\">\n\t\t\t\n<div class=\"arrow\"><\/div>\n\n\t\t<\/div> <!-- .et_pb_text -->\n\t\t<\/div> <!-- .et_pb_column -->\n\t\t<\/div> <!-- .et_pb_row -->\n\t\t\t\n\t\t<\/div> <!-- .et_pb_section --><div class=\"et_pb_section et_pb_fullwidth_section et_section_regular\">\n\t\t\t\n\t\t\t\n\t\t\t\t\n\t\t\t\t<div class=\"et_pb_slider et_slider_auto et_slider_speed_3800 slider_accueil_2\">\n\t\t\t<div class=\"et_pb_slides\">\n\t\t\t\t<div class=\"et_pb_slide et_pb_slide_with_image et_pb_bg_layout_light et_pb_media_alignment_center\" style='background-color:#f0f0f0;'>\n\t\t\t\n\t\t\t<div class=\"et_pb_container clearfix\">\n\t\t\t\t<div class=\"et_pb_slide_image\"><img src=\"https:\/\/qualison.com\/wp-content\/uploads\/2015\/04\/boite-ombre.png\" alt=\"\" \/><\/div>\n\t\t\t\t<div class=\"et_pb_slide_description\">\n\t\t\t\t\t<h2><a href=\"https:\/\/qualison.com\/boutique\/index.php\">249 \u20ac par oreille !<\/a><\/h2>\n\t\t\t\t\t<div class=\"et_pb_slide_content\">\n<p style=\"text-align: right;\">Il est important pour nous de vous apporter une solution innovante au meilleur prix.<\/p>\n<\/div>\n\t\t\t\t\t<a href=\"https:\/\/qualison.com\/boutique\/index.php\" class=\"et_pb_more_button\">Je m&#039;\u00e9quipe !<\/a>\n\t\t\t\t<\/div> <!-- .et_pb_slide_description -->\n\t\t\t<\/div> <!-- .et_pb_container -->\n\t\t\t\n\t\t<\/div> <!-- .et_pb_slide -->\n\t\t<div class=\"et_pb_slide et_pb_slide_with_image et_pb_bg_layout_light et_pb_media_alignment_center\" style='background-color:#f0f0f0;'>\n\t\t\t\n\t\t\t<div class=\"et_pb_container clearfix\">\n\t\t\t\t<div class=\"et_pb_slide_image\"><img src=\"https:\/\/qualison.com\/wp-content\/uploads\/2016\/02\/contenu-coffret-standard.png\" alt=\"\" \/><\/div>\n\t\t\t\t<div class=\"et_pb_slide_description\">\n\t\t\t\t\t<h2><a href=\"?page_id=118#contenu\">Un appareil auditif au design innovant !<\/a><\/h2>\n\t\t\t\t\t<div class=\"et_pb_slide_content\">\n<p style=\"text-align: right;\">Nous avons fait le pari de rendre <strong>l\u2019appareil auditif<\/strong><br \/>\nd\u00e9sirable, \u00e0 l\u2019air du temps.<\/p>\n<p><strong>Qualison est un appareil discret que vous aurez plaisir \u00e0 porter.<\/strong><\/p>\n<\/div>\n\t\t\t\t\t<a href=\"?page_id=118#contenu\" class=\"et_pb_more_button\">D\u00e9couvrez nos coffrets !<\/a>\n\t\t\t\t<\/div> <!-- .et_pb_slide_description -->\n\t\t\t<\/div> <!-- .et_pb_container -->\n\t\t\t\n\t\t<\/div> <!-- .et_pb_slide -->\n\t\t<div class=\"et_pb_slide et_pb_slide_with_image et_pb_bg_layout_light et_pb_media_alignment_center\" style='background-color:#f0f0f0;'>\n\t\t\t\n\t\t\t<div class=\"et_pb_container clearfix\">\n\t\t\t\t<div class=\"et_pb_slide_image\"><img src=\"https:\/\/qualison.com\/wp-content\/uploads\/2015\/04\/Qualison-techno-filtre1.png\" alt=\"\" \/><\/div>\n\t\t\t\t<div class=\"et_pb_slide_description\">\n\t\t\t\t\t<h2><a href=\"?page_id=118#telecoil\">Une technologie aboutie !<\/a><\/h2>\n\t\t\t\t\t<div class=\"et_pb_slide_content\">\n<p>&nbsp;<\/p>\n<p>&nbsp;<\/p>\n<p style=\"text-align: right;\"><strong>Vous offrant ce qu\u2019il se fait de mieux, Qualison \u00e9quipe tous ses appareils auditifs d&rsquo;une boucle magn\u00e9tique (T\u00e9l\u00e9coil).<\/strong><\/p>\n<p>Gr\u00e2ce \u00e0 cette fonction, vous profitez pleinement de vos appels t\u00e9l\u00e9phoniques et de vos sorties au cin\u00e9ma.<\/div>\n\t\t\t\t\t<a href=\"?page_id=118#telecoil\" class=\"et_pb_more_button\">D\u00e9couvrez T\u00e9l\u00e9coil !<\/a>\n\t\t\t\t<\/div> <!-- .et_pb_slide_description -->\n\t\t\t<\/div> <!-- .et_pb_container -->\n\t\t\t\n\t\t<\/div> <!-- .et_pb_slide -->\n\t\t\n\n\t\t\t<\/div> <!-- .et_pb_slides -->\n\t\t<\/div> <!-- .et_pb_slider -->\n\t\t\n\t\t\t\n\t\t<\/div> <!-- .et_pb_section --><div class=\"et_pb_section et_section_regular\" style='background-color:#666666;'>\n\t\t\t\n\t\t\t\n\t\t\t\t\n\t\t\t\t<div class=\"et_pb_row\">\n\t\t\t<div class=\"et_pb_column et_pb_column_4_4\">\n\t\t\t<div class=\"et_pb_text et_pb_bg_layout_light et_pb_text_align_left\">\n\t\t\t<iframe loading=\"lazy\" src=\"https:\/\/www.youtube.com\/embed\/3EVfaS4W-Jk\" width=\"560\" height=\"315\" frameborder=\"0\" allowfullscreen=\"allowfullscreen\"><\/iframe>\n\t\t<\/div> <!-- .et_pb_text -->\n\t\t<\/div> <!-- .et_pb_column -->\n\t\t<\/div> <!-- .et_pb_row -->\n\t\t\t\n\t\t<\/div> <!-- .et_pb_section --><div id=\"projet\" class=\"et_pb_section et_pb_section_parallax et_section_regular\" style='background-color:#ffffff;'>\n\t\t\t<div class=\"et_parallax_bg et_pb_parallax_css\" style=\"background-image: url(https:\/\/qualison.com\/wp-content\/uploads\/2015\/05\/decor-site-qualison-web1.jpg);\"><\/div>\n\t\t\t\n\t\t\t\t\n\t\t\t\t<div class=\"et_pb_row\">\n\t\t\t<div class=\"et_pb_column et_pb_column_4_4\">\n\t\t\t<div class=\"et_pb_text et_pb_bg_layout_dark et_pb_text_align_left header_titre\">\n\t\t\t\n<h2 style=\"text-align: center; font-size: 50px; line-height: 120%; padding-bottom: 25px; margin-top: -25px;\">Le Projet Qualison<\/h2>\n\n\t\t<\/div> <!-- .et_pb_text -->\n\t\t<\/div> <!-- .et_pb_column -->\n\t\t<\/div> <!-- .et_pb_row -->\n\t\t\t\n\t\t<\/div> <!-- .et_pb_section --><div class=\"et_pb_section fleche et_section_regular\" style='background-color:#ffffff;'>\n\t\t\t\n\t\t\t\n\t\t\t\t\n\t\t\t\t<div class=\"et_pb_row\">\n\t\t\t<div class=\"et_pb_column et_pb_column_4_4\">\n\t\t\t<div class=\"et_pb_text et_pb_bg_layout_light et_pb_text_align_left\">\n\t\t\t\n<div class=\"arrow\"><\/div>\n\n\t\t<\/div> <!-- .et_pb_text -->\n\t\t<\/div> <!-- .et_pb_column -->\n\t\t<\/div> <!-- .et_pb_row -->\n\t\t\t\n\t\t<\/div> <!-- .et_pb_section --><div class=\"et_pb_section et_section_regular\" style='background-color:#ffffff;background-image:url(https:\/\/qualison.com\/wp-content\/uploads\/2015\/04\/Fond-Projet-Qualison.png);'>\n\t\t\t\n\t\t\t\n\t\t\t\t\n\t\t\t\t<div class=\"et_pb_row\">\n\t\t\t<div class=\"et_pb_column et_pb_column_4_4\">\n\t\t\t<div class=\"et_pb_text et_pb_bg_layout_light et_pb_text_align_right\">\n\t\t\t\n<p style=\"text-align: left; padding-left: 30px; font-size: 30px; font-weight: bold;\"><img loading=\"lazy\" class=\"alignnone size-full wp-image-326\" src=\"https:\/\/qualison.com\/wp-content\/uploads\/2015\/04\/check.png\" alt=\"check\" width=\"25\" height=\"23\" \/> Parce qu\u2019aujourd\u2019hui en France, <span style=\"color: #f166a1;\">6 millions<\/span> de personnes souffrent de g\u00eanes auditives.<\/p>\n<p style=\"text-align: left; padding-left: 30px; font-size: 30px; font-weight: bold;\"><img loading=\"lazy\" class=\"alignnone size-full wp-image-326\" src=\"https:\/\/qualison.com\/wp-content\/uploads\/2015\/04\/check.png\" alt=\"check\" width=\"25\" height=\"23\" \/> Parce que seulement <span style=\"color: #f166a1;\">20%<\/span> d\u2019entre elles sont appareill\u00e9es.<\/p>\n<p style=\"text-align: left; padding-left: 30px; font-size: 30px; font-weight: bold;\"><img loading=\"lazy\" class=\"alignnone size-full wp-image-326\" src=\"https:\/\/qualison.com\/wp-content\/uploads\/2015\/04\/check.png\" alt=\"check\" width=\"25\" height=\"23\" \/> Parce que le reste \u00e0 charge d\u2019une proth\u00e8se auditive est en moyenne de <span style=\"color: #f166a1;\">1065 euros<\/span>.<\/p>\n\n\t\t<\/div> <!-- .et_pb_text -->\n\t\t<\/div> <!-- .et_pb_column -->\n\t\t<\/div> <!-- .et_pb_row --><div class=\"et_pb_row\">\n\t\t\t<div class=\"et_pb_column et_pb_column_2_3\">\n\t\t\t<div class=\"et_pb_text et_pb_bg_layout_light et_pb_text_align_left\">\n\t\t\t\n<p style=\"text-align: justify;\" align=\"center\"><span style=\"color: #f166a1; ; font-weight: bold;\">Qualison<\/span> est n\u00e9 de la volont\u00e9 de cr\u00e9er un <strong>appareil auditif<\/strong> innovant, au design original et \u00e0 la port\u00e9e de tous.\u00a0Aussi appel\u00e9<strong> assistant d&rsquo;\u00e9coute, <\/strong>il est une<strong> alternative \u00e0 la proth\u00e8se auditive <\/strong>qui am\u00e9liorera votre<strong> confort d&rsquo;\u00e9coute<\/strong><\/p>\n<p style=\"text-align: justify;\" align=\"center\"><span style=\"color: #f166a1; ; font-weight: bold;\">Qualison<\/span> est <strong>une aide auditive pr\u00e9r\u00e9gl\u00e9e<\/strong> qui augmente de mani\u00e8re s\u00e9lective les sons per\u00e7us de 20 dB. Les sons sont \u00e9galement trait\u00e9s afin de ne pas amplifier le bruit ambiant mais seulement les voix de vos interlocuteurs.<\/p>\n<p style=\"text-align: justify;\" align=\"center\">Dans la perspective de vous apporter toujours plus, nous avons souhait\u00e9 \u00e9quiper <strong>votre<\/strong> <span style=\"color: #f166a1; ; font-weight: bold;\">Qualison<\/span> <strong>d&rsquo;une boucle magn\u00e9tique<\/strong>.<\/p>\n<p style=\"text-align: justify;\" align=\"center\"><span style=\"color: #f166a1; ; font-weight: bold;\">Qualison<\/span>\u00a0enveloppe ainsi la meilleure technologie disponible \u00e0 ce jour dans un design innovant.<\/p>\n\n\t\t<\/div> <!-- .et_pb_text -->\n\t\t<\/div> <!-- .et_pb_column --><div class=\"et_pb_column et_pb_column_1_3\">\n\t\t\t<hr class=\"et_pb_space\" style='height:80px;' \/><div class=\"et_pb_text et_pb_bg_layout_light et_pb_text_align_left\">\n\t\t\t<img class=\"rond wp-image-495 aligncenter\" alt=\"\" width=\"400\" height=\"400\" \/>\n\t\t<\/div> <!-- .et_pb_text -->\n\t\t<\/div> <!-- .et_pb_column -->\n\t\t<\/div> <!-- .et_pb_row -->\n\t\t\t\n\t\t<\/div> <!-- .et_pb_section --><div id=\"aqui\" class=\"et_pb_section et_pb_section_parallax et_section_regular\" style='background-color:#ffffff;'>\n\t\t\t<div class=\"et_parallax_bg et_pb_parallax_css\" style=\"background-image: url(https:\/\/qualison.com\/wp-content\/uploads\/2015\/05\/decor-site-qualison-web1.jpg);\"><\/div>\n\t\t\t\n\t\t\t\t\n\t\t\t\t<div class=\"et_pb_row\">\n\t\t\t<div class=\"et_pb_column et_pb_column_4_4\">\n\t\t\t<div class=\"et_pb_text et_pb_bg_layout_dark et_pb_text_align_left header_titre\">\n\t\t\t\n<h2 style=\"text-align: center; font-size: 50px; line-height: 120%; padding-bottom: 25px; margin-top: -25px;\">\u00c0 qui s\u2019adresse l\u2019assistant d\u2019\u00e9coute Qualison ?<\/h2>\n\n\t\t<\/div> <!-- .et_pb_text -->\n\t\t<\/div> <!-- .et_pb_column -->\n\t\t<\/div> <!-- .et_pb_row -->\n\t\t\t\n\t\t<\/div> <!-- .et_pb_section --><div class=\"et_pb_section fleche et_section_regular\" style='background-color:#ffffff;'>\n\t\t\t\n\t\t\t\n\t\t\t\t\n\t\t\t\t<div class=\"et_pb_row\">\n\t\t\t<div class=\"et_pb_column et_pb_column_4_4\">\n\t\t\t<div class=\"et_pb_text et_pb_bg_layout_light et_pb_text_align_left\">\n\t\t\t\n<div class=\"arrow\"><\/div>\n\n\t\t<\/div> <!-- .et_pb_text -->\n\t\t<\/div> <!-- .et_pb_column -->\n\t\t<\/div> <!-- .et_pb_row -->\n\t\t\t\n\t\t<\/div> <!-- .et_pb_section --><div class=\"et_pb_section et_section_regular\" style='background-color:#f0f0f0;'>\n\t\t\t\n\t\t\t\n\t\t\t\t\n\t\t\t\t<div class=\"et_pb_row\">\n\t\t\t<div class=\"et_pb_column et_pb_column_4_4\">\n\t\t\t<div class=\"et_pb_text et_pb_bg_layout_light et_pb_text_align_center p\">\n\t\t\t\n<p style=\"text-align: center; padding-left: 30px; font-size: 35px; font-weight: bold;\">Vous ressentez une g\u00eane auditive l\u00e9g\u00e8re ?<\/p>\n<p style=\"text-align: center; padding-left: 30px; font-size: 35px; font-weight: bold;\">Vous pensez que votre ou\u00efe diminue ?<\/p>\n<p><span style=\"font-size: 25px; font-weight: bold;\">L\u2019appareil auditif <span style=\"color: #f166a1;\">Qualison<\/span> permet aux personnes ressentant une g\u00eane auditive l\u00e9g\u00e8re d\u2019am\u00e9liorer leur qualit\u00e9 de vie<\/span>\n\t\t<\/div> <!-- .et_pb_text -->\n\t\t<\/div> <!-- .et_pb_column -->\n\t\t<\/div> <!-- .et_pb_row --><div class=\"et_pb_row\">\n\t\t\t<div class=\"et_pb_column et_pb_column_1_2\">\n\t\t\t<div class=\"et_pb_text et_pb_bg_layout_light et_pb_text_align_center\">\n\t\t\t<span style=\"color: #666; font-size: 25px; font-weight: bold;\">Participer \u00e0 une conversation entre amis<\/span>\n\t\t<\/div> <!-- .et_pb_text --><div class=\"et_pb_text et_pb_bg_layout_light et_pb_text_align_left\">\n\t\t\t<img loading=\"lazy\" class=\"rond aligncenter wp-image-495\" src=\"https:\/\/qualison.com\/wp-content\/uploads\/2015\/05\/illus_qualison_tchat.png\" alt=\"\" width=\"400\" height=\"400\" \/>\n\t\t<\/div> <!-- .et_pb_text -->\n\t\t<\/div> <!-- .et_pb_column --><div class=\"et_pb_column et_pb_column_1_2\">\n\t\t\t<div class=\"et_pb_text et_pb_bg_layout_light et_pb_text_align_center\">\n\t\t\t<span style=\"color: #666; font-size: 25px; font-weight: bold;\">Appr\u00e9hender les situations du quotidien<\/span>\n\t\t<\/div> <!-- .et_pb_text --><div class=\"et_pb_text et_pb_bg_layout_light et_pb_text_align_left\">\n\t\t\t<img loading=\"lazy\" class=\"rond aligncenter wp-image-498\" src=\"https:\/\/qualison.com\/wp-content\/uploads\/2015\/06\/illus_qualison_quotidien_new.png\" alt=\"\" width=\"400\" height=\"400\" \/>\n\t\t<\/div> <!-- .et_pb_text -->\n\t\t<\/div> <!-- .et_pb_column -->\n\t\t<\/div> <!-- .et_pb_row --><div class=\"et_pb_row\">\n\t\t\t<div class=\"et_pb_column et_pb_column_1_2\">\n\t\t\t<div class=\"et_pb_text et_pb_bg_layout_light et_pb_text_align_center\">\n\t\t\t<span style=\"color: #666; font-size: 25px; font-weight: bold;\">Red\u00e9couvrir le bruit d\u2019une balade en for\u00eat ou en bord de mer<\/span>\n\t\t<\/div> <!-- .et_pb_text --><div class=\"et_pb_text et_pb_bg_layout_light et_pb_text_align_left\">\n\t\t\t<img loading=\"lazy\" class=\"rond aligncenter wp-image-497\" src=\"https:\/\/qualison.com\/wp-content\/uploads\/2015\/05\/illus_qualison_foret.png\" alt=\"\" width=\"400\" height=\"400\" \/>\n\t\t<\/div> <!-- .et_pb_text -->\n\t\t<\/div> <!-- .et_pb_column --><div class=\"et_pb_column et_pb_column_1_2\">\n\t\t\t<div class=\"et_pb_text et_pb_bg_layout_light et_pb_text_align_center\">\n\t\t\t<span style=\"color: #666; font-size: 25px; font-weight: bold;\">Retrouver le plaisir d\u2019aller au th\u00e9\u00e2tre ou au cin\u00e9ma<\/span>\n\t\t<\/div> <!-- .et_pb_text --><div class=\"et_pb_text et_pb_bg_layout_light et_pb_text_align_left\">\n\t\t\t<img loading=\"lazy\" class=\"rond aligncenter wp-image-496\" src=\"https:\/\/qualison.com\/wp-content\/uploads\/2015\/05\/illus_qualison_theatre2.png\" alt=\"illus_qualison_theatre2\" width=\"400\" height=\"400\" \/>\n\t\t<\/div> <!-- .et_pb_text -->\n\t\t<\/div> <!-- .et_pb_column -->\n\t\t<\/div> <!-- .et_pb_row --><div class=\"et_pb_row\">\n\t\t\t<div class=\"et_pb_column et_pb_column_4_4\">\n\t\t\t<div class=\"et_pb_text et_pb_bg_layout_light et_pb_text_align_left\">\n\t\t\t\n<p style=\"text-align: center; font-size: 45px; font-weight: bold;\"><span style=\"color: #ed558f;\">Satisfait ou rembours\u00e9 !<\/span><\/p>\n<p style=\"text-align: center;\">Parce que nous croyons en notre technologie, nous vous offrons la possibilit\u00e9 d\u2019\u00eatre rembours\u00e9 dans l\u2019hypoth\u00e8se que vous ne soyez pas pleinement satisfait <strong>de votre appareil auditif<\/strong> <span style=\"color: #f166a1; ; font-weight: bold;\">Qualison<\/span>.<\/p>\n\n\t\t<\/div> <!-- .et_pb_text -->\n\t\t<\/div> <!-- .et_pb_column -->\n\t\t<\/div> <!-- .et_pb_row -->\n\t\t\t\n\t\t<\/div> <!-- .et_pb_section --><div id=\"temoignages\" class=\"et_pb_section et_pb_section_parallax et_section_regular\" style='background-color:#ffffff;'>\n\t\t\t<div class=\"et_parallax_bg et_pb_parallax_css\" style=\"background-image: url(https:\/\/qualison.com\/wp-content\/uploads\/2015\/05\/decor-site-qualison-web1.jpg);\"><\/div>\n\t\t\t\n\t\t\t\t\n\t\t\t\t<div class=\"et_pb_row\">\n\t\t\t<div class=\"et_pb_column et_pb_column_4_4\">\n\t\t\t<div class=\"et_pb_text et_pb_bg_layout_dark et_pb_text_align_left header_titre\">\n\t\t\t\n<h2 style=\"text-align: center; font-size: 50px; line-height: 120%; padding-bottom: 25px; margin-top: -25px;\">T\u00e9moignages et avis<\/h2>\n\n\t\t<\/div> <!-- .et_pb_text -->\n\t\t<\/div> <!-- .et_pb_column -->\n\t\t<\/div> <!-- .et_pb_row -->\n\t\t\t\n\t\t<\/div> <!-- .et_pb_section --><div class=\"et_pb_section fleche et_section_regular\" style='background-color:#ffffff;'>\n\t\t\t\n\t\t\t\n\t\t\t\t\n\t\t\t\t<div class=\"et_pb_row\">\n\t\t\t<div class=\"et_pb_column et_pb_column_4_4\">\n\t\t\t<div class=\"et_pb_text et_pb_bg_layout_light et_pb_text_align_left\">\n\t\t\t\n<div class=\"arrow\"><\/div>\n\n\t\t<\/div> <!-- .et_pb_text -->\n\t\t<\/div> <!-- .et_pb_column -->\n\t\t<\/div> <!-- .et_pb_row -->\n\t\t\t\n\t\t<\/div> <!-- .et_pb_section --><div class=\"et_pb_section et_section_regular\">\n\t\t\t\n\t\t\t\n\t\t\t\t\n\t\t\t\t<div class=\"et_pb_row\">\n\t\t\t<div class=\"et_pb_column et_pb_column_1_4\">\n\t\t\t<div class=\"et_pb_testimonial et_pb_bg_layout_light et_pb_text_align_left clearfix\" style=\"background-color: #f5f5f5;\">\n\t\t\t<div class=\"et_pb_testimonial_portrait\" style=\"background-image: url(https:\/\/qualison.com\/wp-content\/uploads\/2015\/04\/Bernard.jpg);\">\n\t\t\t<\/div>\n\t\t\t<div class=\"et_pb_testimonial_description\">\n\t\t\t\t\n<blockquote><p><em>\u00ab\u00a0J\u2019ai 60 ans, patron d\u2019une petite soci\u00e9t\u00e9 de plomberie. J\u2019avais de plus en plus de mal \u00e0 m\u2019entretenir avec mes ouvriers sur les chantiers. Je ne voulais pas encore m\u2019\u00e9quiper d\u2019une proth\u00e8se auditive. <span style=\"color: #f166a1; ; font-weight: bold;\">Qualison<\/span> avec son prix sympa et son design moins vieillot a \u00e9t\u00e9 une bonne fa\u00e7on de sauter le pas.\u00a0\u00bb<\/em><\/p><\/blockquote>\n\n\t\t\t\t<strong class=\"et_pb_testimonial_author\">Bernard D.<\/strong>\n\t\t\t\t<p class=\"et_pb_testimonial_meta\">60 ans<\/p>\n\t\t\t<\/div> <!-- .et_pb_testimonial_description -->\n\t\t<\/div> <!-- .et_pb_testimonial -->\n\t\t<\/div> <!-- .et_pb_column --><div class=\"et_pb_column et_pb_column_1_4\">\n\t\t\t<div class=\"et_pb_testimonial et_pb_bg_layout_light et_pb_text_align_left clearfix\" style=\"background-color: #f5f5f5;\">\n\t\t\t<div class=\"et_pb_testimonial_portrait\" style=\"background-image: url(https:\/\/qualison.com\/wp-content\/uploads\/2015\/04\/Michelle-62-ans.jpg);\">\n\t\t\t<\/div>\n\t\t\t<div class=\"et_pb_testimonial_description\">\n\t\t\t\t\n<blockquote><p><em>\u00ab\u00a0Je ressentais une g\u00eane depuis d\u00e9j\u00e0 quelques ann\u00e9es. J\u2019avais de plus en plus de mal \u00e0 comprendre ma t\u00e9l\u00e9vision\u00a0! J\u2019ai d\u00e9couvert <strong>l&rsquo;appareil auditif<\/strong> <span style=\"color: #f166a1; ; font-weight: bold;\">Qualison<\/span> au rayon parapharmacie de mon supermarch\u00e9. Cela fait maintenant trois semaines que je l\u2019utilise pour regarder la t\u00e9l\u00e9vision et \u00e9couter la radio et je dois avouer que j\u2019en suis tr\u00e8s satisfaite\u00a0!\u00a0\u00bb<\/em><\/p><\/blockquote>\n\n\t\t\t\t<strong class=\"et_pb_testimonial_author\">Mich\u00e8le P.<\/strong>\n\t\t\t\t<p class=\"et_pb_testimonial_meta\">58 ans<\/p>\n\t\t\t<\/div> <!-- .et_pb_testimonial_description -->\n\t\t<\/div> <!-- .et_pb_testimonial -->\n\t\t<\/div> <!-- .et_pb_column --><div class=\"et_pb_column et_pb_column_1_4\">\n\t\t\t<div class=\"et_pb_testimonial et_pb_bg_layout_light et_pb_text_align_left clearfix\" style=\"background-color: #f5f5f5;\">\n\t\t\t<div class=\"et_pb_testimonial_portrait\" style=\"background-image: url(https:\/\/qualison.com\/wp-content\/uploads\/2015\/04\/Jean-Pierre.jpg);\">\n\t\t\t<\/div>\n\t\t\t<div class=\"et_pb_testimonial_description\">\n\t\t\t\t\n<blockquote><p><em>\u00ab\u00a0J\u2019ai craqu\u00e9 pour son prix et son design. Enfin <strong>une boucle magn\u00e9tique de s\u00e9rie sur un appareil auditif<\/strong>. Bon compromis pour une d\u00e9ficience l\u00e9g\u00e8re. Depuis je comprends non seulement mieux ma t\u00e9l\u00e9vision mais discuter avec mes amis est plus agr\u00e9able.\u00a0\u00bb<\/em><\/p><\/blockquote>\n\n\t\t\t\t<strong class=\"et_pb_testimonial_author\">Jean-Pierre L.<\/strong>\n\t\t\t\t<p class=\"et_pb_testimonial_meta\">62 ans<\/p>\n\t\t\t<\/div> <!-- .et_pb_testimonial_description -->\n\t\t<\/div> <!-- .et_pb_testimonial -->\n\t\t<\/div> <!-- .et_pb_column --><div class=\"et_pb_column et_pb_column_1_4\">\n\t\t\t<div class=\"et_pb_testimonial et_pb_bg_layout_light et_pb_text_align_left clearfix\" style=\"background-color: #f5f5f5;\">\n\t\t\t<div class=\"et_pb_testimonial_portrait\" style=\"background-image: url(https:\/\/qualison.com\/wp-content\/uploads\/2015\/04\/grumpylab.png);\">\n\t\t\t<\/div>\n\t\t\t<div class=\"et_pb_testimonial_description\">\n\t\t\t\t\n<blockquote><p><em>\u00ab\u00a0No.\u00a0\u00bb<\/em><\/p><\/blockquote>\n\n\t\t\t\t<strong class=\"et_pb_testimonial_author\">Grumpy Cat<\/strong>\n\t\t\t\t<p class=\"et_pb_testimonial_meta\">2 ans<\/p>\n\t\t\t<\/div> <!-- .et_pb_testimonial_description -->\n\t\t<\/div> <!-- .et_pb_testimonial -->\n\t\t<\/div> <!-- .et_pb_column -->\n\t\t<\/div> <!-- .et_pb_row -->\n\t\t\t\n\t\t<\/div> <!-- .et_pb_section --><\/p>\n","protected":false},"excerpt":{"rendered":"","protected":false},"author":1,"featured_media":0,"parent":0,"menu_order":0,"comment_status":"open","ping_status":"open","template":"","meta":[],"_links":{"self":[{"href":"https:\/\/qualison.com\/index.php?rest_route=\/wp\/v2\/pages\/2"}],"collection":[{"href":"https:\/\/qualison.com\/index.php?rest_route=\/wp\/v2\/pages"}],"about":[{"href":"https:\/\/qualison.com\/index.php?rest_route=\/wp\/v2\/types\/page"}],"author":[{"embeddable":true,"href":"https:\/\/qualison.com\/index.php?rest_route=\/wp\/v2\/users\/1"}],"replies":[{"embeddable":true,"href":"https:\/\/qualison.com\/index.php?rest_route=%2Fwp%2Fv2%2Fcomments&post=2"}],"version-history":[{"count":606,"href":"https:\/\/qualison.com\/index.php?rest_route=\/wp\/v2\/pages\/2\/revisions"}],"predecessor-version":[{"id":2710,"href":"https:\/\/qualison.com\/index.php?rest_route=\/wp\/v2\/pages\/2\/revisions\/2710"}],"wp:attachment":[{"href":"https:\/\/qualison.com\/index.php?rest_route=%2Fwp%2Fv2%2Fmedia&parent=2"}],"curies":[{"name":"wp","href":"https:\/\/api.w.org\/{rel}","templated":true}]}}