{"id":121,"date":"2015-04-13T11:25:06","date_gmt":"2015-04-13T10:25:06","guid":{"rendered":"https:\/\/qualison.com\/?page_id=121"},"modified":"2016-01-20T08:20:28","modified_gmt":"2016-01-20T07:20:28","slug":"informations-client","status":"publish","type":"page","link":"https:\/\/qualison.com\/?page_id=121","title":{"rendered":"Informations Client"},"content":{"rendered":"<p><div class=\"et_pb_section et_pb_section_parallax et_pb_fullwidth_section et_section_regular\" style='background-color:#ed558f;'>\n\t\t\t<div class=\"et_parallax_bg et_pb_parallax_css\" style=\"background-image: url(https:\/\/qualison.com\/wp-content\/uploads\/2015\/05\/decor-site-qualison-web1.jpg);\"><\/div>\n\t\t\t\n\t\t\t\t\n\t\t\t\t<section id=\"utilisation\" class=\"et_pb_fullwidth_header et_pb_bg_layout_dark et_pb_text_align_center\">\n\t\t\t<div class=\"et_pb_row\">\n\t\t\t\t<h1>Comment se servir de votre appareil auditif Qualison ?<\/h1>\n\t\t\t\t\n\t\t\t<\/div>\n\t\t<\/section>\n\t\t\t\n\t\t<\/div> <!-- .et_pb_section --><div class=\"et_pb_section et_section_regular\">\n\t\t\t\n\t\t\t\n\t\t\t\t\n\t\t\t\t<div class=\"et_pb_row\">\n\t\t\t<div class=\"et_pb_column et_pb_column_4_4\">\n\t\t\t<div class=\"et_pb_text et_pb_bg_layout_light et_pb_text_align_left\">\n\t\t\t\n<p style=\"text-align: left;\">L&rsquo;\u00e9quipe Qualison a r\u00e9alis\u00e9 pour vous une s\u00e9rie de vid\u00e9o pour vous rendre la prise en main de votre Qualison encore plus facile. Gr\u00e2ce \u00e0 ces diff\u00e9rentes vid\u00e9os, Qualison et son utilisation n&rsquo;auront plus de secret pour vous!\u00a0<\/p>\n\n\t\t<\/div> <!-- .et_pb_text -->\n\t\t<\/div> <!-- .et_pb_column -->\n\t\t<\/div> <!-- .et_pb_row -->\n\t\t\t\n\t\t<\/div> <!-- .et_pb_section --><div class=\"et_pb_section et_section_regular\" style='background-color:#f0f0f0;'>\n\t\t\t\n\t\t\t\n\t\t\t\t\n\t\t\t\t<div class=\"et_pb_row\">\n\t\t\t<div class=\"et_pb_column et_pb_column_1_2\">\n\t\t\t<div class=\"et_pb_text et_pb_bg_layout_light et_pb_text_align_left\">\n\t\t\t\n<p style=\"font-size: 25px;\">Contenu de votre coffret <span style=\"color: #f166a1; font-weight: bold;\">Qualison<\/span> <\/p>\n\n\t\t<\/div> <!-- .et_pb_text --><div class=\"et_pb_video\">\n\t\t\t<div class=\"et_pb_video_box\">\n\t\t\t\t\n\t\t\t<\/div>\n\t\t\t\n\t\t<\/div><div class=\"et_pb_text et_pb_bg_layout_light et_pb_text_align_left\">\n\t\t\t\n<p style=\"font-size: 25px;\">Mise en place du D\u00f4me<\/p>\n\n\t\t<\/div> <!-- .et_pb_text --><div class=\"et_pb_video\">\n\t\t\t<div class=\"et_pb_video_box\">\n\t\t\t\t\n\t\t\t<\/div>\n\t\t\t\n\t\t<\/div>\n\t\t<\/div> <!-- .et_pb_column --><div class=\"et_pb_column et_pb_column_1_2\">\n\t\t\t<div class=\"et_pb_text et_pb_bg_layout_light et_pb_text_align_left\">\n\t\t\t\n<p style=\"font-size: 25px;\">Mise en place du Tube<\/p>\n\n\t\t<\/div> <!-- .et_pb_text --><div class=\"et_pb_video\">\n\t\t\t<div class=\"et_pb_video_box\">\n\t\t\t\t\n\t\t\t<\/div>\n\t\t\t\n\t\t<\/div><div class=\"et_pb_text et_pb_bg_layout_light et_pb_text_align_left\">\n\t\t\t\n<p style=\"font-size: 25px;\">Contr\u00f4ler votre <span style=\"color: #f166a1; font-weight: bold;\">Qualison<\/span><\/p>\n\n\t\t<\/div> <!-- .et_pb_text --><div class=\"et_pb_video\">\n\t\t\t<div class=\"et_pb_video_box\">\n\t\t\t\t\n\t\t\t<\/div>\n\t\t\t\n\t\t<\/div>\n\t\t<\/div> <!-- .et_pb_column -->\n\t\t<\/div> <!-- .et_pb_row -->\n\t\t\t\n\t\t<\/div> <!-- .et_pb_section --><div id=\"assistance\" class=\"et_pb_section et_pb_section_parallax et_section_regular\" style='background-color:#ffffff;'>\n\t\t\t<div class=\"et_parallax_bg et_pb_parallax_css\" style=\"background-image: url(https:\/\/qualison.com\/wp-content\/uploads\/2015\/05\/decor-site-qualison-web1.jpg);\"><\/div>\n\t\t\t\n\t\t\t\t\n\t\t\t\t<div class=\"et_pb_row\">\n\t\t\t<div class=\"et_pb_column et_pb_column_4_4\">\n\t\t\t<div class=\"et_pb_text et_pb_bg_layout_light et_pb_text_align_left\">\n\t\t\t\n<p>&nbsp;<\/p>\n<h2 style=\"text-align: center; font-size: 50px; color: #ffffff; line-height: 10%; padding-bottom: 0px; margin-top: 0px;\">Assistance<\/h2>\n\n\t\t<\/div> <!-- .et_pb_text -->\n\t\t<\/div> <!-- .et_pb_column -->\n\t\t<\/div> <!-- .et_pb_row -->\n\t\t\t\n\t\t<\/div> <!-- .et_pb_section --><div class=\"et_pb_section et_section_regular\">\n\t\t\t\n\t\t\t\n\t\t\t\t\n\t\t\t\t<div class=\"et_pb_row\">\n\t\t\t<div class=\"et_pb_column et_pb_column_4_4\">\n\t\t\t<div class=\"et_pb_text et_pb_bg_layout_light et_pb_text_align_left rond\">\n\t\t\t<img loading=\"lazy\" class=\"rond aligncenter wp-image-495\" src=\"https:\/\/qualison.com\/wp-content\/uploads\/2015\/04\/assistance-icon-300x300.png\" alt=\"assistance-icon\" width=\"300\" height=\"300\" \/>\n\t\t<\/div> <!-- .et_pb_text -->\n\t\t<\/div> <!-- .et_pb_column -->\n\t\t<\/div> <!-- .et_pb_row --><div class=\"et_pb_row\">\n\t\t\t<div class=\"et_pb_column et_pb_column_4_4\">\n\t\t\t<div class=\"et_pb_text et_pb_bg_layout_light et_pb_text_align_center\">\n\t\t\t\n<p>Afin de vous permettre d\u2019utiliser votre <strong><span style=\"color: #f166a1;\">Qualison <\/span><\/strong>dans les meilleures conditions nous vous proposons l\u2019assistance ci-dessous.<\/p>\n<p>Voici la liste des questions les plus souvent pos\u00e9es et les solutions propos\u00e9es.<\/p>\n\n\t\t<\/div> <!-- .et_pb_text -->\n\t\t<\/div> <!-- .et_pb_column -->\n\t\t<\/div> <!-- .et_pb_row --><div class=\"et_pb_row\">\n\t\t\t<div class=\"et_pb_column et_pb_column_4_4\">\n\t\t\t<div class=\"et_pb_text et_pb_bg_layout_light et_pb_text_align_left\">\n\t\t\t\n<table id=\"tablepress-1\" class=\"tablepress tablepress-id-1\">\n<thead>\n<tr class=\"row-1 odd\">\n\t<th class=\"column-1\"><p style=\"text-align: center;\">Sympt\u00f4me<\/p><\/th><th class=\"column-2\"><p style=\"text-align: center;\">Cause<\/p><\/th><th class=\"column-3\"><p style=\"text-align: center;\">Comment y rem\u00e9dier ?<\/p><\/th>\n<\/tr>\n<\/thead>\n<tbody class=\"row-hover\">\n<tr class=\"row-2 even\">\n\t<td class=\"column-1\"><p style=\"text-align: center;\"><span style=\"color: #f166a1; font-weight: bold;\">Qualison<\/span> n\u2019amplifie pas assez.<\/p><\/td><td class=\"column-2\">a. Le volume est trop faible. <br \/>\n<br \/>\nb. La pile est us\u00e9e. <br \/>\n<br \/>\nc. Le d\u00f4me n\u2019est pas adapt\u00e9 \u00e0 votre oreille. <br \/>\n<br \/>\nd. Le d\u00f4me ou le tube est obstru\u00e9 par le c\u00e9rumen. <br \/>\n<br \/>\ne. Votre audition se d\u00e9t\u00e9riore. <\/td><td class=\"column-3\">a. Augmentez le volume \u00e0 l\u2019aide du bouton +. <br \/>\n<br \/>\nb. Changez de pile. <br \/>\n<br \/>\nc. Utilisez un d\u00f4me plus adapt\u00e9 \u00e0 votre oreille (Deux tailles fournies dans votre coffret).<br \/>\n<br \/>\nd. Nettoyez ou changez le d\u00f4me ou le tube. <br \/>\n<br \/>\ne. Prenez rendez-vous chez votre ORL.<\/td>\n<\/tr>\n<tr class=\"row-3 odd\">\n\t<td class=\"column-1\"><p style=\"text-align: center;\">Le son n\u2019est pas continu.<\/p><\/td><td class=\"column-2\">La pile est us\u00e9e.<\/td><td class=\"column-3\">Changez de pile.<\/td>\n<\/tr>\n<tr class=\"row-4 even\">\n\t<td class=\"column-1\"><p style=\"text-align: center;\">Votre <span style=\"color: #f166a1; font-weight: bold;\">Qualison<\/span> siffle.<\/p><\/td><td class=\"column-2\">a. Le tube n\u2019est pas bien connect\u00e9. <br \/>\n<br \/>\nb. Le volume est trop \u00e9lev\u00e9, au moment de son installation sur l\u2019oreille. <br \/>\n<br \/>\nc. La pile est us\u00e9e.<\/td><td class=\"column-3\">a. V\u00e9rifiez que le tube est bien connect\u00e9 \u00e0 <span style=\"color: #f166a1; font-weight: bold;\">Qualison<\/span>.<br \/>\n<br \/>\nb. Baissez le volume \u00e0 l\u2019aide du bouton -. Cela disparaitra apr\u00e8s l\u2019installation.<br \/>\n<br \/>\nc. Changez de pile.<\/td>\n<\/tr>\n<tr class=\"row-5 odd\">\n\t<td class=\"column-1\"><p style=\"text-align: center;\">Votre <span style=\"color: #f166a1; font-weight: bold;\">Qualison<\/span> ne tient pas en place.<\/p><\/td><td class=\"column-2\">Vous n\u2019utilisez pas le tube ad\u00e9quat.<\/td><td class=\"column-3\">Utilisez le tube appropri\u00e9. <br \/>\n<span style=\"color: #f166a1; font-weight: bold;\">Qualison<\/span> est livr\u00e9 avec deux tubes, un droit et un gauche.<\/td>\n<\/tr>\n<tr class=\"row-6 even\">\n\t<td class=\"column-1\"><p style=\"text-align: center;\"><span style=\"color: #f166a1; font-weight: bold;\">Qualison<\/span> vous fait mal.<\/p><\/td><td class=\"column-2\">a. Le d\u00f4me n\u2019est pas adapt\u00e9 \u00e0 votre oreille.<br \/>\n<br \/>\nb. Vous n\u2019utilisez pas le tube ad\u00e9quat.<\/td><td class=\"column-3\">a. Utilisez un d\u00f4me plus adapt\u00e9 \u00e0 votre oreille (Deux tailles sont fournies dans votre coffret). <br \/>\n<br \/>\nb. Utilisez le tube appropri\u00e9. <br \/>\n<span style=\"color: #f166a1; font-weight: bold;\">Qualison<\/span> est livr\u00e9 avec deux tubes, un droit et un gauche.<\/td>\n<\/tr>\n<tr class=\"row-7 odd\">\n\t<td class=\"column-1\"><p style=\"text-align: center;\">Les piles s\u2019usent trop rapidement.<\/p><\/td><td class=\"column-2\">Vous n\u2019\u00e9teignez pas votre <span style=\"color: #f166a1; font-weight: bold;\">Qualison<\/span> correctement.<\/td><td class=\"column-3\">Ouvrez le compartiment de la pile lorsque vous n\u2019utilisez pas <span style=\"color: #f166a1; font-weight: bold;\">Qualison<\/span>.<\/td>\n<\/tr>\n<\/tbody>\n<\/table>\n<!-- #tablepress-1 from cache -->\n\t\t<\/div> <!-- .et_pb_text -->\n\t\t<\/div> <!-- .et_pb_column -->\n\t\t<\/div> <!-- .et_pb_row --><div class=\"et_pb_row\">\n\t\t\t<div class=\"et_pb_column et_pb_column_4_4\">\n\t\t\t<div class=\"et_pb_text et_pb_bg_layout_light et_pb_text_align_center\">\n\t\t\tEn cas de difficult\u00e9s d\u2019utilisation de votre assistant d\u2019\u00e9coute, contactez-nous au <strong><span style=\"color: #f166a1;\">04 32 40 94 03<\/span><\/strong>.\n\t\t<\/div> <!-- .et_pb_text -->\n\t\t<\/div> <!-- .et_pb_column -->\n\t\t<\/div> <!-- .et_pb_row -->\n\t\t\t\n\t\t<\/div> <!-- .et_pb_section --><div class=\"et_pb_section et_pb_section_parallax garantie et_section_regular\" style='background-color:#ffffff;'>\n\t\t\t<div class=\"et_parallax_bg et_pb_parallax_css\" style=\"background-image: url(https:\/\/qualison.com\/wp-content\/uploads\/2015\/05\/decor-site-qualison-web1.jpg);\"><\/div>\n\t\t\t\n\t\t\t\t\n\t\t\t\t<div class=\"et_pb_row\">\n\t\t\t<div class=\"et_pb_column et_pb_column_4_4\">\n\t\t\t<div id=\"garantie\" class=\"et_pb_text et_pb_bg_layout_light et_pb_text_align_left\">\n\t\t\t\n<p>&nbsp;<\/p>\n<h2 style=\"text-align: center; font-size: 50px; color: #ffffff; line-height: 10%; padding-bottom: 0px; margin-top: 0px;\">Garantie<\/h2>\n\n\t\t<\/div> <!-- .et_pb_text -->\n\t\t<\/div> <!-- .et_pb_column -->\n\t\t<\/div> <!-- .et_pb_row -->\n\t\t\t\n\t\t<\/div> <!-- .et_pb_section --><div class=\"et_pb_section et_section_regular\" style='background-color:#f0f0f0;'>\n\t\t\t\n\t\t\t\n\t\t\t\t\n\t\t\t\t<div class=\"et_pb_row\">\n\t\t\t<div class=\"et_pb_column et_pb_column_1_2\">\n\t\t\t<div class=\"et_pb_text et_pb_bg_layout_light et_pb_text_align_left\">\n\t\t\t\n<p style=\"text-align: justify;\">Vous venez de faire l&rsquo;acquisition d&rsquo;un appareil auditif\u00a0 <span style=\"color: #f166a1; font-weight: bold;\">Qualison<\/span> et nous vous en remercions.<\/p>\n<p style=\"text-align: justify;\">Avant toute utilisation, vous devez savoir qu\u2019un temps d\u2019adaptation est n\u00e9cessaire afin d\u2019appr\u00e9cier pleinement les qualit\u00e9s de votre appareil auditif.<\/p>\n<p style=\"text-align: justify;\">Sachez que vos appareils auditifs b\u00e9n\u00e9ficient d&rsquo;une garantie de\u00a0<span class=\"lang-la\" lang=\"la\" xml:lang=\"la\"><strong><span style=\"color: #f166a1;\">2<\/span><\/strong> ans.<\/span><\/p>\n<p style=\"text-align: justify;\"><span class=\"lang-la\" lang=\"la\" xml:lang=\"la\">Cette garantie est valable contre tout dysfonctionnement survenu dans le cadre d&rsquo;une utilisation normale. Vous pouvez en prendre connaissance dans le manuel d&rsquo;utilisation de l&rsquo;appareil disponible ci-dessus, \u00e0 la rubrique <a href=\"?page_id=121#utilisation\">\u00ab\u00a0Utilisation\u00a0\u00bb<\/a>.<\/span><\/p>\n\n\t\t<\/div> <!-- .et_pb_text -->\n\t\t<\/div> <!-- .et_pb_column --><div class=\"et_pb_column et_pb_column_1_2\">\n\t\t\t<div class=\"et_pb_text et_pb_bg_layout_light et_pb_text_align_center\">\n\t\t\t\n<p style=\"text-align: center;\"><img loading=\"lazy\" class=\"alignnone wp-image-2388 size-medium\" src=\"https:\/\/qualison.com\/wp-content\/uploads\/2015\/04\/carte-de-garantie-1-300x193.png\" alt=\"carte de garantie 1\" width=\"300\" height=\"193\" srcset=\"https:\/\/qualison.com\/wp-content\/uploads\/2015\/04\/carte-de-garantie-1-300x193.png 300w, https:\/\/qualison.com\/wp-content\/uploads\/2015\/04\/carte-de-garantie-1.png 486w\" sizes=\"(max-width: 300px) 100vw, 300px\" \/><\/p>\n<p style=\"text-align: center;\">\u00a0<img loading=\"lazy\" class=\"alignnone wp-image-2389 size-medium\" src=\"https:\/\/qualison.com\/wp-content\/uploads\/2015\/04\/carte-de-garantie-2-300x194.png\" alt=\"carte de garantie 2\" width=\"300\" height=\"194\" srcset=\"https:\/\/qualison.com\/wp-content\/uploads\/2015\/04\/carte-de-garantie-2-300x194.png 300w, https:\/\/qualison.com\/wp-content\/uploads\/2015\/04\/carte-de-garantie-2.png 485w\" sizes=\"(max-width: 300px) 100vw, 300px\" \/><\/p>\n\n\t\t<\/div> <!-- .et_pb_text -->\n\t\t<\/div> <!-- .et_pb_column -->\n\t\t<\/div> <!-- .et_pb_row -->\n\t\t\t\n\t\t<\/div> <!-- .et_pb_section --><\/p>\n","protected":false},"excerpt":{"rendered":"","protected":false},"author":3,"featured_media":0,"parent":0,"menu_order":0,"comment_status":"open","ping_status":"open","template":"","meta":[],"_links":{"self":[{"href":"https:\/\/qualison.com\/index.php?rest_route=\/wp\/v2\/pages\/121"}],"collection":[{"href":"https:\/\/qualison.com\/index.php?rest_route=\/wp\/v2\/pages"}],"about":[{"href":"https:\/\/qualison.com\/index.php?rest_route=\/wp\/v2\/types\/page"}],"author":[{"embeddable":true,"href":"https:\/\/qualison.com\/index.php?rest_route=\/wp\/v2\/users\/3"}],"replies":[{"embeddable":true,"href":"https:\/\/qualison.com\/index.php?rest_route=%2Fwp%2Fv2%2Fcomments&post=121"}],"version-history":[{"count":119,"href":"https:\/\/qualison.com\/index.php?rest_route=\/wp\/v2\/pages\/121\/revisions"}],"predecessor-version":[{"id":2672,"href":"https:\/\/qualison.com\/index.php?rest_route=\/wp\/v2\/pages\/121\/revisions\/2672"}],"wp:attachment":[{"href":"https:\/\/qualison.com\/index.php?rest_route=%2Fwp%2Fv2%2Fmedia&parent=121"}],"curies":[{"name":"wp","href":"https:\/\/api.w.org\/{rel}","templated":true}]}}