{"id":118,"date":"2015-04-13T11:21:58","date_gmt":"2015-04-13T10:21:58","guid":{"rendered":"https:\/\/qualison.com\/?page_id=118"},"modified":"2016-02-19T09:50:38","modified_gmt":"2016-02-19T08:50:38","slug":"assistant-decoute-qualison","status":"publish","type":"page","link":"https:\/\/qualison.com\/?page_id=118","title":{"rendered":"L&rsquo;Appareil auditif Qualison"},"content":{"rendered":"<p><div id=\"presentation\" class=\"et_pb_section et_pb_section_parallax et_pb_fullwidth_section et_section_regular\" style='background-color:#ed558f;'>\n\t\t\t<div class=\"et_parallax_bg et_pb_parallax_css\" style=\"background-image: url(https:\/\/qualison.com\/wp-content\/uploads\/2015\/05\/decor-site-qualison-web1.jpg);\"><\/div>\n\t\t\t\n\t\t\t\t\n\t\t\t\t<section id=\"presentation\" class=\"et_pb_fullwidth_header et_pb_bg_layout_dark et_pb_text_align_center\">\n\t\t\t<div class=\"et_pb_row\">\n\t\t\t\t<h1>L'appareil auditif Qualison et sa boucle magn\u00e9tique<\/h1>\n\t\t\t\t<p class=\"et_pb_fullwidth_header_subhead\">Nous avons s\u00e9lectionn\u00e9 pour vous les meilleurs composants des plus grands fabricants pour vous proposer un appareil auditif original, fiable, performant et simple d\u2019utilisation. D\u00e9couvrez tous les atouts de Qualison !<\/p>\n\t\t\t<\/div>\n\t\t<\/section>\n\t\t\t\n\t\t<\/div> <!-- .et_pb_section --><div class=\"et_pb_section et_section_regular\" style='background-color:#ffffff;'>\n\t\t\t\n\t\t\t\n\t\t\t\t\n\t\t\t\t<div class=\"et_pb_row\">\n\t\t\t<div class=\"et_pb_column et_pb_column_4_4\">\n\t\t\t<div class=\"et_pb_text et_pb_bg_layout_light et_pb_text_align_center\">\n\t\t\t<img src=\"https:\/\/qualison.com\/wp-content\/uploads\/2015\/12\/qualison-techno.png\" alt=\"\" \/>\n\t\t<\/div> <!-- .et_pb_text -->\n\t\t<\/div> <!-- .et_pb_column -->\n\t\t<\/div> <!-- .et_pb_row -->\n\t\t\t\n\t\t<\/div> <!-- .et_pb_section --><div class=\"et_pb_section et_section_regular\" style='background-color:#ffffff;'>\n\t\t\t\n\t\t\t\n\t\t\t\t\n\t\t\t\t<div class=\"et_pb_row\">\n\t\t\t<div class=\"et_pb_column et_pb_column_4_4\">\n\t\t\t<div class=\"et_pb_text et_pb_bg_layout_light et_pb_text_align_left\">\n\t\t\t\n<p style=\"text-align: center;\"><span style=\"font-size: 25px; font-weight: bold;\">L&rsquo;alternative \u00e0 la proth\u00e8se auditive.<br \/>\n6 bonnes raisons de choisir <span style=\"color: #f166a1; font-weight: bold;\">Qualison<\/span><\/span>.<\/p>\n\n\t\t<\/div> <!-- .et_pb_text -->\n\t\t<\/div> <!-- .et_pb_column -->\n\t\t<\/div> <!-- .et_pb_row --><div class=\"et_pb_row\">\n\t\t\t<div class=\"et_pb_column et_pb_column_1_2\">\n\t\t\t<div class=\"et_pb_blurb et_pb_bg_layout_light et_pb_text_align_left et_pb_blurb_position_top\">\n\t\t\t<div class=\"et_pb_blurb_content\">\n\t\t\t\t<div class=\"et_pb_main_blurb_image\"><img src=\"https:\/\/qualison.com\/wp-content\/uploads\/2015\/05\/qualison_multicanal.png\" alt=\"\" class=\"et-waypoint et_pb_animation_top\" \/><\/div>\n\t\t\t\t\n\t\t\t\t\n<p style=\"text-align: center;\"><span style=\"font-size: 25px; font-weight: bold;\">Technologie num\u00e9rique multicanal<\/span><\/p>\n<p style=\"text-align: justify;\">Les canaux et les bandes permettent un d\u00e9coupage intelligent du signal en plusieurs plages de fr\u00e9quences. Les algorithmes amplifient et traitent ces plages de fr\u00e9quence ind\u00e9pendamment. Ainsi plus les plages sont nombreuses, plus elles sont petites et plus l\u2019amplification et les traitements sont clairs et pr\u00e9cis.<br \/>\n<span style=\"color: #f166a1; font-weight: bold;\">Qualison<\/span> est muni d\u2019un syst\u00e8me d\u2019amplification digital \u00e0 <strong>4 canaux et 12 bandes<\/strong> afin d\u2019ajuster le gain avec pr\u00e9cision dans toutes les fr\u00e9quences. Ces atouts lui conf\u00e8rent une excellente capacit\u00e9 de travail ainsi que la puissance n\u00e9cessaire pour vous accompagner sereinement en toutes circonstances.<\/p>\n\n\t\t\t<\/div> <!-- .et_pb_blurb_content -->\n\t\t<\/div> <!-- .et_pb_blurb -->\n\t\t<\/div> <!-- .et_pb_column --><div class=\"et_pb_column et_pb_column_1_2\">\n\t\t\t<div class=\"et_pb_blurb et_pb_bg_layout_light et_pb_text_align_left et_pb_blurb_position_top\">\n\t\t\t<div class=\"et_pb_blurb_content\">\n\t\t\t\t<div class=\"et_pb_main_blurb_image\"><img src=\"https:\/\/qualison.com\/wp-content\/uploads\/2015\/05\/qualison_volume.png\" alt=\"\" class=\"et-waypoint et_pb_animation_top\" \/><\/div>\n\t\t\t\t\n\t\t\t\t\n<p style=\"text-align: center;\"><span style=\"font-size: 25px; font-weight: bold;\">R\u00e9duction adaptative du bruit<\/span><\/p>\n<p style=\"text-align: justify;\">Le syst\u00e8me de r\u00e9duction du bruit embarqu\u00e9 sur votre <span style=\"color: #f166a1; font-weight: bold;\">Qualison<\/span> permet de r\u00e9duire les bruits ambiants vous emp\u00eachant d\u2019entendre clairement les voix. Le syst\u00e8me analyse le signal et baisse le niveau d\u2019amplification du bruit tout en augmentant l\u2019amplification des voix. Les paroles deviennent alors plus claires et moins lointaines. Ce syst\u00e8me r\u00e9duit \u00e9galement le bruit ambiant dans les situations o\u00f9 vous n\u2019\u00eates pas confront\u00e9 au dialogue. Ce syst\u00e8me est un r\u00e9el avantage et vous apportera un confort d\u2019\u00e9coute hors pair.<\/p>\n\n\t\t\t<\/div> <!-- .et_pb_blurb_content -->\n\t\t<\/div> <!-- .et_pb_blurb -->\n\t\t<\/div> <!-- .et_pb_column -->\n\t\t<\/div> <!-- .et_pb_row -->\n\t\t\t\n\t\t<\/div> <!-- .et_pb_section --><div class=\"et_pb_section et_section_regular\" style='background-color:#ffffff;'>\n\t\t\t\n\t\t\t\n\t\t\t\t\n\t\t\t\t<div class=\"et_pb_row\">\n\t\t\t<div class=\"et_pb_column et_pb_column_4_4\">\n\t\t\t<img src=\"https:\/\/qualison.com\/wp-content\/uploads\/2015\/04\/qualison_antilarsen.png\" alt=\"\" class=\"et-waypoint et_pb_image et_pb_animation_top icon_antilarsen\" \/><div class=\"et_pb_text et_pb_bg_layout_light et_pb_text_align_left\">\n\t\t\t\n<p style=\"text-align: center;\"><span style=\"font-size: 25px; font-weight: bold;\">Annulation adaptative et avanc\u00e9e du Larsen<\/span><\/p>\n<p style=\"text-align: justify;\">Le Larsen est le sifflement produit lorsqu\u2019un microphone est trop proche d\u2019un haut-parleur. Ce sifflement a longtemps rendu les appareils auditifs d\u00e9sagr\u00e9ables \u00e0 porter car les composants y sont tr\u00e8s proches les uns des autres.\u00a0Afin d\u2019emp\u00eacher le larsen, <span style=\"color: #f166a1; font-weight: bold;\">Qualison<\/span>\u00a0est muni d\u2019une des plus r\u00e9centes technologies de r\u00e9sistance \u00e0 l\u2019entra\u00eenement.<\/p>\n<p style=\"text-align: justify;\">L\u2019entra\u00eenement est le ph\u00e9nom\u00e8ne \u00e0 l\u2019origine du Larsen. Il s\u2019agit de la r\u00e9cup\u00e9ration par le microphone des sons \u00e9mis par les haut-parleurs. Les sons sont donc r\u00e9-amplifi\u00e9s en permanence et se traduisent par un sifflement. Avec <span style=\"color: #f166a1; font-weight: bold;\">Qualison<\/span>, le son est analys\u00e9 et les sons \u00e9mis par les haut-parleurs ne sont pas r\u00e9-amplifi\u00e9s. Le syst\u00e8me d\u2019annulation du Larsen dont vous disposez est efficace quelle que soit la complexit\u00e9 du son trait\u00e9.<\/p>\n\n\t\t<\/div> <!-- .et_pb_text -->\n\t\t<\/div> <!-- .et_pb_column -->\n\t\t<\/div> <!-- .et_pb_row -->\n\t\t\t\n\t\t<\/div> <!-- .et_pb_section --><div class=\"et_pb_section et_section_regular\" style='background-color:#ffffff;'>\n\t\t\t\n\t\t\t\n\t\t\t\t\n\t\t\t\t<div class=\"et_pb_row\">\n\t\t\t<div class=\"et_pb_column et_pb_column_4_4\">\n\t\t\t<img src=\"https:\/\/qualison.com\/wp-content\/uploads\/2015\/04\/Icone-micro1.png\" alt=\"\" class=\"et-waypoint et_pb_image et_pb_animation_top icon_antilarsen\" \/><div class=\"et_pb_text et_pb_bg_layout_light et_pb_text_align_left\">\n\t\t\t\n<p style=\"text-align: center;\"><span style=\"font-size: 25px; font-weight: bold;\">Microphones Omnidirectionnel et Directionnel<\/span><\/p>\n<p style=\"text-align: justify;\">Pour vous apporter plus de souplesse, votre <span style=\"color: #f166a1; font-weight: bold;\">Qualison<\/span> est \u00e9quip\u00e9 de deux microphones. Ainsi, vous pourrez adapter votre <span style=\"color: #f166a1; font-weight: bold;\">Qualison<\/span> suivant l&rsquo;environnement dans lequel vous vous trouvez.<br \/>\nLe microphone ominidirectionnel vous permettra de capter les sons venant de toutes les directions comme sur un appareil auditif classique. Il est donc adapt\u00e9 aux environnements calmes. Nous avons choisi d&rsquo;ajouter un microphone directionnel qui vous permettra, quand vous le souhaitez de vous concentrer sur le son d&rsquo;un interlocuteur en face de vous. Cela vous apportera un confort suppl\u00e9mentaires dans les environnements bruyants.<\/p>\n\n\t\t<\/div> <!-- .et_pb_text -->\n\t\t<\/div> <!-- .et_pb_column -->\n\t\t<\/div> <!-- .et_pb_row -->\n\t\t\t\n\t\t<\/div> <!-- .et_pb_section --><div class=\"et_pb_section et_section_regular\" style='background-color:#ffffff;'>\n\t\t\t\n\t\t\t\n\t\t\t\t\n\t\t\t\t<div class=\"et_pb_row\">\n\t\t\t<div class=\"et_pb_column et_pb_column_1_2\">\n\t\t\t<div class=\"et_pb_blurb et_pb_bg_layout_light et_pb_text_align_left et_pb_blurb_position_top\">\n\t\t\t<div class=\"et_pb_blurb_content\">\n\t\t\t\t<div class=\"et_pb_main_blurb_image\"><img src=\"https:\/\/qualison.com\/wp-content\/uploads\/2015\/05\/qualison_avertissementbruit.png\" alt=\"\" class=\"et-waypoint et_pb_animation_top\" \/><\/div>\n\t\t\t\t\n\t\t\t\t\n<p style=\"text-align: center;\"><span style=\"font-size: 25px; font-weight: bold;\">Avertisseur de batterie faible<\/span><\/p>\n<p style=\"text-align: justify;\">Votre <span style=\"color: #f166a1; font-weight: bold;\">Qualison<\/span> d\u00e9tectera de lui-m\u00eame l\u2019arriv\u00e9e en fin de vie de sa batterie et vous avertira au moyen d\u2019un l\u00e9ger signal sonore. Vous n\u2019avez donc pas besoin de tester vos batteries, <span style=\"color: #f166a1; font-weight: bold;\">Qualison<\/span> le fait pour vous\u00a0!<\/p>\n\n\t\t\t<\/div> <!-- .et_pb_blurb_content -->\n\t\t<\/div> <!-- .et_pb_blurb -->\n\t\t<\/div> <!-- .et_pb_column --><div class=\"et_pb_column et_pb_column_1_2\">\n\t\t\t<div class=\"et_pb_blurb et_pb_bg_layout_light et_pb_text_align_left et_pb_blurb_position_top\">\n\t\t\t<div class=\"et_pb_blurb_content\">\n\t\t\t\t<div class=\"et_pb_main_blurb_image\"><img src=\"https:\/\/qualison.com\/wp-content\/uploads\/2016\/01\/qualison_designergo.png\" alt=\"\" class=\"et-waypoint et_pb_animation_top\" \/><\/div>\n\t\t\t\t\n\t\t\t\t\n<p style=\"text-align: center;\"><span style=\"font-size: 25px; font-weight: bold;\">Design et ergonomie<br \/>\n<\/span><\/p>\n<p style=\"text-align: justify;\">Nous avons choisi de vous offrir une aide auditive qui vous ressemble.<\/p>\n<p style=\"text-align: justify;\">Les boutons de votre <span style=\"color: #f166a1; font-weight: bold;\">Qualison<\/span>, directement ajust\u00e9s dans sa coque, rendent son r\u00e9glage pratique et facile comme un jeu d&rsquo;enfant! Pr\u00e9r\u00e9gl\u00e9, <span style=\"color: #f166a1; font-weight: bold;\">Qualison<\/span> est une solution pr\u00eat-\u00e0-porter que vous pourrez utiliser d\u00e8s r\u00e9ception.<\/p>\n\n\t\t\t<\/div> <!-- .et_pb_blurb_content -->\n\t\t<\/div> <!-- .et_pb_blurb -->\n\t\t<\/div> <!-- .et_pb_column -->\n\t\t<\/div> <!-- .et_pb_row -->\n\t\t\t\n\t\t<\/div> <!-- .et_pb_section --><div id=\"telecoil\" class=\"et_pb_section et_pb_section_parallax et_section_regular\" style='background-color:#ffffff;'>\n\t\t\t<div class=\"et_parallax_bg et_pb_parallax_css\" style=\"background-image: url(https:\/\/qualison.com\/wp-content\/uploads\/2015\/05\/decor-site-qualison-web1.jpg);\"><\/div>\n\t\t\t\n\t\t\t\t\n\t\t\t\t<div class=\"et_pb_row\">\n\t\t\t<div class=\"et_pb_column et_pb_column_4_4\">\n\t\t\t<div class=\"et_pb_text et_pb_bg_layout_light et_pb_text_align_left\">\n\t\t\t\n<h2 style=\"text-align: center; font-size: 50px; color: #ffffff; padding-bottom: 40px; margin-top: 0px;\">Boucle magn\u00e9tique, une exclusivit\u00e9 Qualison<\/h2>\n<p style=\"text-align: center; font-size: 19px; color: #ffffff;\">Parce que Qualison vous apporte ce qu\u2019il y a de meilleur, nous l\u2019avons \u00e9quip\u00e9 de s\u00e9rie d&rsquo;une boucle magn\u00e9tique.<\/p>\n\n\t\t<\/div> <!-- .et_pb_text -->\n\t\t<\/div> <!-- .et_pb_column -->\n\t\t<\/div> <!-- .et_pb_row -->\n\t\t\t\n\t\t<\/div> <!-- .et_pb_section --><div class=\"et_pb_section et_section_regular\" style='background-color:#f0f0f0;'>\n\t\t\t\n\t\t\t\n\t\t\t\t\n\t\t\t\t<div class=\"et_pb_row\">\n\t\t\t<div class=\"et_pb_column et_pb_column_4_4\">\n\t\t\t<div class=\"et_pb_text et_pb_bg_layout_light et_pb_text_align_left\">\n\t\t\t\n<p style=\"text-align: justify;\"><span style=\"font-size: 25px; font-weight: bold;\">La boucle magn\u00e9tique<\/span> am\u00e9liorera votre confort d&rsquo;\u00e9coute dans les lieux publics ainsi qu&rsquo;avec votre t\u00e9l\u00e9phone.<\/p>\n\n\t\t<\/div> <!-- .et_pb_text --><div class=\"et_pb_text et_pb_bg_layout_light et_pb_text_align_left\">\n\t\t\t\n<p style=\"text-align: justify;\"><span style=\"font-size: 25px; font-weight: bold;\">Boucle magn\u00e9tique<\/span> ou <span style=\"font-size: 25px; font-weight: bold;\">T\u00e9l\u00e9coil <\/span>est un dispositif permettant la perception des sons, non pas par voie a\u00e9rienne (ondes sonores) mais par le biais de l\u2019induction magn\u00e9tique. Les dispositifs de boucles magn\u00e9tiques sont d\u00e9sormais obligatoires pour les \u00e9tablissements recevant du public d&rsquo;apr\u00e8s la loi du 11 f\u00e9vrier 2005. De plus de nombreux fabricants de t\u00e9l\u00e9phone mobile ont pris soin de l\u2019int\u00e9grer \u00e0 leurs appareils.<\/p>\n<p style=\"text-align: justify;\"><span style=\"font-size: 25px; font-weight: bold;\">Comment fonctionne une boucle magn\u00e9tique\u00a0?<\/span><\/p>\n<p style=\"text-align: justify;\">Dans les lieux \u00e9quip\u00e9s, la sonorisation de la salle est reli\u00e9e \u00e0 un amplificateur sp\u00e9cial transformant le signal sonore en courant \u00e9lectrique. Ce courant \u00e9lectrique traverse un conducteur \u00e9lectrique entourant la zone \u00e0 couvrir, d\u2019o\u00f9 le terme \u00ab\u00a0boucle\u00a0\u00bb.<\/p>\n<p style=\"text-align: justify;\">Le conducteur \u00e9met dans la zone couverte un champ magn\u00e9tique. Ce dernier est alors re\u00e7u par une bobine d\u2019induction dans votre appareil, <strong>la boucle magn\u00e9tique<\/strong> de votre appareil auditif <span style=\"color: #f166a1; font-weight: bold;\">Qualison<\/span>.<\/p>\n\n\t\t<\/div> <!-- .et_pb_text -->\n\t\t<\/div> <!-- .et_pb_column -->\n\t\t<\/div> <!-- .et_pb_row --><div class=\"et_pb_row\">\n\t\t\t<div class=\"et_pb_column et_pb_column_4_4\">\n\t\t\t<img src=\"https:\/\/qualison.com\/wp-content\/uploads\/2015\/05\/qualison_illus_telecoil.png\" alt=\"\" class=\"et-waypoint et_pb_image et_pb_animation_top legende\" \/><div class=\"et_pb_text et_pb_bg_layout_light et_pb_text_align_left num legende\">\n\t\t\t\n<p style=\"text-align: justify;\">Le son du film <span class=\"num\">1<\/span> est transmis via un amplificateur sp\u00e9cial vers une boucle magn\u00e9tique <span class=\"num\">2<\/span>. Cette boucle permet de cr\u00e9er dans l&rsquo;espace qu&rsquo;elle entoure un champ d&rsquo;induction. La boucle magn\u00e9tique de votre appareil auditif Qualison permet de capter ce champ d&rsquo;induction et de restituer le son vers votre oreille <span class=\"num\">3<\/span>. Ce panneau indique que la salle est \u00e9quip\u00e9e d\u2019un dispositif de boucle magn\u00e9tique <span class=\"num\">4<\/span>.<\/p>\n\n\t\t<\/div> <!-- .et_pb_text -->\n\t\t<\/div> <!-- .et_pb_column -->\n\t\t<\/div> <!-- .et_pb_row --><div class=\"et_pb_row\">\n\t\t\t<div class=\"et_pb_column et_pb_column_2_3\">\n\t\t\t<div class=\"et_pb_text et_pb_bg_layout_light et_pb_text_align_left\">\n\t\t\t\n<p style=\"text-align: justify;\">Cette fonction vous permet donc de recevoir le son par induction et non plus par les ondes sonores. Le son arrive directement dans l\u2019oreille, cette configuration apporte une qualit\u00e9 audio irr\u00e9prochable.<\/p>\n<p style=\"text-align: justify;\">En effet, les avantages sont multiples. Le son est alors d\u00e9nu\u00e9 des bruits ambiants parasites, des r\u00e9sonances et distorsion acoustiques dues \u00e0 une mauvaise sonorisation.<\/p>\n<p style=\"text-align: justify;\"><span style=\"font-size: 25px; font-weight: bold;\">\u00c9quipement des \u00e9tablissements recevant du public :<\/span><\/p>\n<p style=\"text-align: justify;\">Les \u00e9tablissements recevant du public regroupent tous les lieux publics ayant une fonction de service comme les cin\u00e9mas, les salles de th\u00e9\u00e2tre, les salles de conf\u00e9rences, les mus\u00e9es,\u2026etc.<\/p>\n<p style=\"text-align: justify;\">Ces \u00e9tablissements sont tenus d&rsquo;\u00eatre \u00e9quip\u00e9s de boucles magn\u00e9tiques d&rsquo;apr\u00e8s la loi relative \u00e0 l&rsquo;accessibilit\u00e9 des \u00e9tablissements recevant du public et ce au 1er Janvier 2015. Ces boucles magn\u00e9tiques sont indiqu\u00e9es par le pictogramme ci-contre que vous avez certainement d\u00e9j\u00e0 rencontr\u00e9.<\/p>\n\n\t\t<\/div> <!-- .et_pb_text -->\n\t\t<\/div> <!-- .et_pb_column --><div class=\"et_pb_column et_pb_column_1_3\">\n\t\t\t<hr class=\"et_pb_space\" style='height:80px;' \/><div class=\"et_pb_blurb et_pb_bg_layout_light et_pb_text_align_center legende et_pb_blurb_position_top\">\n\t\t\t<div class=\"et_pb_blurb_content\">\n\t\t\t\t<div class=\"et_pb_main_blurb_image\"><img src=\"https:\/\/qualison.com\/wp-content\/uploads\/2015\/04\/telecoil-picto-mini1.jpg\" alt=\"\" class=\"et-waypoint et_pb_animation_right\" \/><\/div>\n\t\t\t\t\n\t\t\t\t\n<p>Dans les lieux publics, les zones \u00e9quip\u00e9es de boucles magn\u00e9tiques sont indiqu\u00e9es par ce pictogramme<\/p>\n\n\t\t\t<\/div> <!-- .et_pb_blurb_content -->\n\t\t<\/div> <!-- .et_pb_blurb -->\n\t\t<\/div> <!-- .et_pb_column -->\n\t\t<\/div> <!-- .et_pb_row --><div class=\"et_pb_row\">\n\t\t\t<div class=\"et_pb_column et_pb_column_4_4\">\n\t\t\t<div class=\"et_pb_text et_pb_bg_layout_light et_pb_text_align_left\">\n\t\t\t\n<p style=\"text-align: justify;\">Ainsi, <span style=\"color: #f166a1; font-weight: bold;\">Qualison<\/span> est l\u2019unique appareil auditif s\u2019adaptant \u00e0 la l\u00e9gislation en vigueur en vous offrant la possibilit\u00e9 d\u2019utiliser les boucles magn\u00e9tiques mises en place dans les \u00e9tablissements publics.<\/p>\n\n\t\t<\/div> <!-- .et_pb_text -->\n\t\t<\/div> <!-- .et_pb_column -->\n\t\t<\/div> <!-- .et_pb_row --><div class=\"et_pb_row\">\n\t\t\t<div class=\"et_pb_column et_pb_column_4_4\">\n\t\t\t<div class=\"et_pb_text et_pb_bg_layout_light et_pb_text_align_left\">\n\t\t\t\n<p style=\"text-align: justify;\"><span style=\"font-size: 25px; font-weight: bold;\">Une boucle magn\u00e9tique dans votre t\u00e9l\u00e9phone\u00a0portable ?<\/span><\/p>\n<p style=\"text-align: justify;\">Comme pour les \u00e9tablissements recevant du public, votre t\u00e9l\u00e9phone portable peut s\u2019av\u00e9rer \u00eatre \u00e9quip\u00e9 d\u2019une boucle magn\u00e9tique.<\/p>\n<p style=\"text-align: justify;\">Le principe est le m\u00eame\u00a0: r\u00e9cup\u00e9rer par induction un signal sonore d\u2019une clart\u00e9 optimale. Les t\u00e9l\u00e9phones \u00e9quip\u00e9s poss\u00e8dent un marquage, T3 ou T4. Cela veut dire qu\u2019ils sont \u00e9quip\u00e9s d\u2019une boucle magn\u00e9tique et qu\u2019ils sont compatibles avec la plupart des aides auditives ou de votre appareil auditif <span style=\"color: #f166a1; font-weight: bold;\">Qualison<\/span>.<\/p>\n<p style=\"text-align: justify;\">Ce syst\u00e8me est de plus en plus r\u00e9pandu en t\u00e9l\u00e9phonie.<\/p>\n<p style=\"text-align: justify;\">Vous trouverez au lien suivant une liste non-exhaustive des marques et mod\u00e8les compatibles : <a class=\"big\" href=\"https:\/\/qualison.com\/popup\/popup_telephone.html\">T\u00e9l\u00e9phones compatibles<\/a><\/p>\n<p style=\"text-align: justify;\">Globalement, tous les fabricants ont quelques t\u00e9l\u00e9phones compatibles en catalogue. Pour de plus amples informations, n\u2019h\u00e9sitez pas \u00e0 contacter votre op\u00e9rateur t\u00e9l\u00e9phonique.<\/p>\n\n\t\t<\/div> <!-- .et_pb_text -->\n\t\t<\/div> <!-- .et_pb_column -->\n\t\t<\/div> <!-- .et_pb_row -->\n\t\t\t\n\t\t<\/div> <!-- .et_pb_section --><div id=\"contenu\" class=\"et_pb_section et_pb_section_parallax et_section_regular\" style='background-color:#ffffff;'>\n\t\t\t<div class=\"et_parallax_bg et_pb_parallax_css\" style=\"background-image: url(https:\/\/qualison.com\/wp-content\/uploads\/2015\/05\/decor-site-qualison-web1.jpg);\"><\/div>\n\t\t\t\n\t\t\t\t\n\t\t\t\t<div class=\"et_pb_row\">\n\t\t\t<div class=\"et_pb_column et_pb_column_4_4\">\n\t\t\t<div class=\"et_pb_text et_pb_bg_layout_light et_pb_text_align_left\">\n\t\t\t\n<h2 style=\"text-align: center; font-size: 50px; color: #ffffff; line-height: 120%; padding-bottom: 40px; margin-top: -25px;\">Contenu des coffrets<\/h2>\n<p style=\"text-align: center; font-size: 19px; color: #ffffff; line-height: 120%; padding-bottom: 25px; margin-top: -25px;\">Qualison c\u2019est aussi une offre simple et sans surprise. Deux formules vous sont propos\u00e9es : l\u2019offre standard une oreille ou b\u00e9n\u00e9ficiez d\u2019une promotion avec l\u2019offre compl\u00e8te deux oreilles !<\/p>\n\n\t\t<\/div> <!-- .et_pb_text -->\n\t\t<\/div> <!-- .et_pb_column -->\n\t\t<\/div> <!-- .et_pb_row -->\n\t\t\t\n\t\t<\/div> <!-- .et_pb_section --><div class=\"et_pb_section et_section_regular\" style='background-color:#ffffff;'>\n\t\t\t\n\t\t\t\n\t\t\t\t\n\t\t\t\t<div class=\"et_pb_row\">\n\t\t\t<div class=\"et_pb_column et_pb_column_4_4\">\n\t\t\t<div class=\"et_pb_text et_pb_bg_layout_light et_pb_text_align_left pricing_table\">\n\t\t\t\n\t\t<\/div> <!-- .et_pb_text -->\n\t\t<\/div> <!-- .et_pb_column -->\n\t\t<\/div> <!-- .et_pb_row --><div class=\"et_pb_row\">\n\t\t\t<div class=\"et_pb_column et_pb_column_1_2\">\n\t\t\t<div class=\"et_pb_text et_pb_bg_layout_light et_pb_text_align_left\">\n\t\t\t<a href=\"https:\/\/qualison.com\/?product=qualison-offre-standard\"><div id=\"rpt_pricr\" class=\"rpt_plans rpt_1_plans rpt_style_basic\"><div class=\"\"><\/div><\/div><div style=\"clear:both;\"><\/div><\/a>\n\t\t<\/div> <!-- .et_pb_text -->\n\t\t<\/div> <!-- .et_pb_column --><div class=\"et_pb_column et_pb_column_1_2\">\n\t\t\t<div class=\"et_pb_text et_pb_bg_layout_light et_pb_text_align_left\">\n\t\t\t<a href=\"https:\/\/qualison.com\/?product=qualison-offre-complete\"><div id=\"rpt_pricr\" class=\"rpt_plans rpt_1_plans rpt_style_basic\"><div class=\"\"><\/div><\/div><div style=\"clear:both;\"><\/div><\/a>\n\t\t<\/div> <!-- .et_pb_text -->\n\t\t<\/div> <!-- .et_pb_column -->\n\t\t<\/div> <!-- .et_pb_row -->\n\t\t\t\n\t\t<\/div> <!-- .et_pb_section --><\/p>\n","protected":false},"excerpt":{"rendered":"","protected":false},"author":3,"featured_media":0,"parent":0,"menu_order":0,"comment_status":"open","ping_status":"open","template":"","meta":[],"_links":{"self":[{"href":"https:\/\/qualison.com\/index.php?rest_route=\/wp\/v2\/pages\/118"}],"collection":[{"href":"https:\/\/qualison.com\/index.php?rest_route=\/wp\/v2\/pages"}],"about":[{"href":"https:\/\/qualison.com\/index.php?rest_route=\/wp\/v2\/types\/page"}],"author":[{"embeddable":true,"href":"https:\/\/qualison.com\/index.php?rest_route=\/wp\/v2\/users\/3"}],"replies":[{"embeddable":true,"href":"https:\/\/qualison.com\/index.php?rest_route=%2Fwp%2Fv2%2Fcomments&post=118"}],"version-history":[{"count":269,"href":"https:\/\/qualison.com\/index.php?rest_route=\/wp\/v2\/pages\/118\/revisions"}],"predecessor-version":[{"id":2718,"href":"https:\/\/qualison.com\/index.php?rest_route=\/wp\/v2\/pages\/118\/revisions\/2718"}],"wp:attachment":[{"href":"https:\/\/qualison.com\/index.php?rest_route=%2Fwp%2Fv2%2Fmedia&parent=118"}],"curies":[{"name":"wp","href":"https:\/\/api.w.org\/{rel}","templated":true}]}}